{"id":953,"date":"2018-01-01T20:33:46","date_gmt":"2018-01-01T19:33:46","guid":{"rendered":"https:\/\/tongxiongart.com\/?page_id=953"},"modified":"2018-06-10T10:03:08","modified_gmt":"2018-06-10T08:03:08","slug":"mentions-legales","status":"publish","type":"page","link":"https:\/\/tongxiongart.com\/index.php\/mentions-legales\/","title":{"rendered":"Mentions L\u00e9gales"},"content":{"rendered":"<p style=\"text-align: center\">MENTIONS LEGALES :<\/p>\n<p style=\"text-align: justify\">Conform\u00e9ment aux dispositions des articles 6-III et 19 de la Loi n\u00b0 2004-575 du 21 juin 2004 pour la Confiance dans l&rsquo;\u00e9conomie num\u00e9rique, dite L.C.E.N., nous portons \u00e0 la connaissance des utilisateurs et visiteurs du site : <a href=\"http:\/\/www.tongxiongart.com\" target=\"_blank\" rel=\"noopener\">www.tongxiongart.com<\/a> les informations suivantes :<\/p>\n<p style=\"text-align: justify\"><strong>1. Informations l\u00e9gales :<\/strong><\/p>\n<p style=\"text-align: justify\">Statut du propri\u00e9taire : <strong>particulier<\/strong><br \/>\nLe Propri\u00e9taire est : <strong>Tong Xiong<\/strong><br \/>\nAdresse postale du propri\u00e9taire : <strong>2 rue de Balzac 93500 Pantin<\/strong><\/p>\n<p>Le Cr\u00e9ateur du site est : <strong>Tongxiongart.com<\/strong><br \/>\nLe Responsable de la\u00a0 publication est : <strong>Tong Xiong<\/strong><br \/>\nContacter le responsable de la publication : <strong>shemyn@tongxiongart.com<\/strong><br \/>\nLe responsable de la publication est une<strong>\u00a0personne physique<\/strong><\/p>\n<p>Le Webmaster est\u00a0 : <strong>Xiong tong<\/strong><br \/>\nContacter le Webmaster :\u00a0 <strong><a href=\"mailto:shemyn@tongxiongart.com?subject=Contact a partir des mentions l\u00c3\u00a9gales via le site www.tongxiongart.com\">shemyn@tongxiongart.com<\/a><\/strong><br \/>\nL\u2019hebergeur du site est : <strong>OVH 2 rue Kellermann 59100 Roubaix<\/strong><br \/>\n<strong><u>CREDIT :<\/u> <\/strong>\u00a0Les mentions l\u00e9gales ont \u00e9t\u00e9s g\u00e9n\u00e9r\u00e9es par<strong>\u00a0<a href=\"https:\/\/www.generer-mentions-legales.com\/generateur-mentions-legales.html\" target=\"_blank\" rel=\"noopener\">g\u00e9n\u00e9rateur de mentions legales<\/a><\/strong><br \/>\nRenseignements sur la <a href=\"https:\/\/editioneo.com\/formalites\/declaration-cnil\" target=\"_blank\" rel=\"noopener\">d\u00e9claration CNIL<\/a><\/p>\n<p style=\"text-align: justify\"><strong>2. Pr\u00e9sentation et principe :<\/strong><\/p>\n<p style=\"text-align: justify\">Est d\u00e9sign\u00e9 ci-apr\u00e8s : <strong>Utilisateur<\/strong>, tout internaute se connectant et utilisant le site susnomm\u00e9 : <a href=\"http:\/\/www.tongxiongart.com\" target=\"_blank\" rel=\"noopener\">www.tongxiongart.com<\/a>.<br \/>\nLe site <strong>www.tongxiongart.com<\/strong> regroupe un ensemble de services, dans l&rsquo;\u00e9tat,\u00a0 mis \u00e0 la disposition des utilisateurs. Il est ici pr\u00e9cis\u00e9 que ces derniers doivent rester courtois et faire preuve de bonne foi tant envers les autres utilisateurs qu&rsquo;envers le webmaster du site www.tongxiongart.com. Le site www.tongxiongart.com est mis \u00e0 jour r\u00e9guli\u00e8rement par Xiong tong.<br \/>\nTong Xiong s\u2019efforce de fournir sur le site www.tongxiongart.com des informations les plus pr\u00e9cises possibles (sous r\u00e9serve de modifications apport\u00e9es depuis leur mise en ligne), mais ne saurait garantir l&rsquo;exactitude, la compl\u00e9tude et l&rsquo;actualit\u00e9 des informations diffus\u00e9es sur son site, qu\u2019elles soient de son fait ou du fait des tiers partenaires qui lui fournissent ces informations. En cons\u00e9quence, l&rsquo;utilisateur reconna\u00eet utiliser ces informations donn\u00e9es (\u00e0 titre indicatif, non exhaustives et susceptibles d&rsquo;\u00e9voluer) sous sa responsabilit\u00e9 exclusive.<\/p>\n<p style=\"text-align: justify\"><strong>3. Accessibilit\u00e9 :<\/strong><\/p>\n<p>Le site www.tongxiongart.com est par principe accessible aux utilisateurs 24\/24h, 7\/7j, sauf interruption, programm\u00e9e ou non, pour les besoins de sa maintenance ou en cas de force majeure. En cas d\u2019impossibilit\u00e9 d\u2019acc\u00e8s au service, www.tongxiongart.com s\u2019engage \u00e0 faire son maximum afin de r\u00e9tablir l\u2019acc\u00e8s au service et s\u2019efforcera alors de communiquer pr\u00e9alablement aux utilisateurs les dates et heures de l\u2019intervention.\u00a0 N\u2019\u00e9tant soumis qu\u2019\u00e0 une obligation de moyen, www.tongxiongart.com ne saurait \u00eatre tenu pour responsable de tout dommage, quelle qu\u2019en soit la nature, r\u00e9sultant d\u2019une indisponibilit\u00e9 du service.<\/p>\n","protected":false},"excerpt":{"rendered":"<p>MENTIONS LEGALES : Conform\u00e9ment aux dispositions des articles 6-III et 19 de la Loi n\u00b0 2004-575 du 21 juin 2004 pour la Confiance dans l&rsquo;\u00e9conomie num\u00e9rique, dite L.C.E.N., nous portons \u00e0 la connaissance des utilisateurs<span class=\"more-button\"><a href=\"https:\/\/tongxiongart.com\/index.php\/mentions-legales\/\" class=\"more-link\">Lire la suite<span class=\"screen-reader-text\">Mentions L\u00e9gales<\/span><i class=\"fa fa-angle-right\" aria-hidden=\"true\"><\/i><\/a><\/span><\/p>\n","protected":false},"author":2,"featured_media":0,"parent":0,"menu_order":0,"comment_status":"closed","ping_status":"closed","template":"","meta":{"footnotes":""},"class_list":["post-953","page","type-page","status-publish","hentry"],"yoast_head":"<!-- This site is optimized with the Yoast SEO plugin v25.3.1 - https:\/\/yoast.com\/wordpress\/plugins\/seo\/ -->\n<title>Mentions L\u00e9gales - Portfolio<\/title>\n<meta name=\"robots\" content=\"index, follow, max-snippet:-1, max-image-preview:large, max-video-preview:-1\" \/>\n<link rel=\"canonical\" href=\"https:\/\/tongxiongart.com\/index.php\/mentions-legales\/\" \/>\n<meta property=\"og:locale\" content=\"fr_FR\" \/>\n<meta property=\"og:type\" content=\"article\" \/>\n<meta property=\"og:title\" content=\"Mentions L\u00e9gales - Portfolio\" \/>\n<meta property=\"og:description\" content=\"MENTIONS LEGALES : Conform\u00e9ment aux dispositions des articles 6-III et 19 de la Loi n\u00b0 2004-575 du 21 juin 2004 pour la Confiance dans l&rsquo;\u00e9conomie num\u00e9rique, dite L.C.E.N., nous portons \u00e0 la connaissance des utilisateursLire la suiteMentions L\u00e9gales\" \/>\n<meta property=\"og:url\" content=\"https:\/\/tongxiongart.com\/index.php\/mentions-legales\/\" \/>\n<meta property=\"og:site_name\" content=\"Portfolio\" \/>\n<meta property=\"article:modified_time\" content=\"2018-06-10T08:03:08+00:00\" \/>\n<meta name=\"twitter:card\" content=\"summary_large_image\" \/>\n<meta name=\"twitter:label1\" content=\"Dur\u00e9e de lecture estim\u00e9e\" \/>\n\t<meta name=\"twitter:data1\" content=\"2 minutes\" \/>\n<script type=\"application\/ld+json\" class=\"yoast-schema-graph\">{\"@context\":\"https:\/\/schema.org\",\"@graph\":[{\"@type\":\"WebPage\",\"@id\":\"https:\/\/tongxiongart.com\/index.php\/mentions-legales\/\",\"url\":\"https:\/\/tongxiongart.com\/index.php\/mentions-legales\/\",\"name\":\"Mentions L\u00e9gales - Portfolio\",\"isPartOf\":{\"@id\":\"https:\/\/tongxiongart.com\/#website\"},\"datePublished\":\"2018-01-01T19:33:46+00:00\",\"dateModified\":\"2018-06-10T08:03:08+00:00\",\"breadcrumb\":{\"@id\":\"https:\/\/tongxiongart.com\/index.php\/mentions-legales\/#breadcrumb\"},\"inLanguage\":\"fr-FR\",\"potentialAction\":[{\"@type\":\"ReadAction\",\"target\":[\"https:\/\/tongxiongart.com\/index.php\/mentions-legales\/\"]}]},{\"@type\":\"BreadcrumbList\",\"@id\":\"https:\/\/tongxiongart.com\/index.php\/mentions-legales\/#breadcrumb\",\"itemListElement\":[{\"@type\":\"ListItem\",\"position\":1,\"name\":\"Accueil\",\"item\":\"https:\/\/tongxiongart.com\/\"},{\"@type\":\"ListItem\",\"position\":2,\"name\":\"Mentions L\u00e9gales\"}]},{\"@type\":\"WebSite\",\"@id\":\"https:\/\/tongxiongart.com\/#website\",\"url\":\"https:\/\/tongxiongart.com\/\",\"name\":\"Portfolio\",\"description\":\"Artiste peintre \/ Styliste \",\"publisher\":{\"@id\":\"https:\/\/tongxiongart.com\/#organization\"},\"potentialAction\":[{\"@type\":\"SearchAction\",\"target\":{\"@type\":\"EntryPoint\",\"urlTemplate\":\"https:\/\/tongxiongart.com\/?s={search_term_string}\"},\"query-input\":{\"@type\":\"PropertyValueSpecification\",\"valueRequired\":true,\"valueName\":\"search_term_string\"}}],\"inLanguage\":\"fr-FR\"},{\"@type\":\"Organization\",\"@id\":\"https:\/\/tongxiongart.com\/#organization\",\"name\":\"Portfolio\",\"url\":\"https:\/\/tongxiongart.com\/\",\"logo\":{\"@type\":\"ImageObject\",\"inLanguage\":\"fr-FR\",\"@id\":\"https:\/\/tongxiongart.com\/#\/schema\/logo\/image\/\",\"url\":\"https:\/\/tongxiongart.com\/wp-content\/uploads\/2023\/10\/cropped-cropped-cropped-Tong-Xiong-Art.png\",\"contentUrl\":\"https:\/\/tongxiongart.com\/wp-content\/uploads\/2023\/10\/cropped-cropped-cropped-Tong-Xiong-Art.png\",\"width\":374,\"height\":403,\"caption\":\"Portfolio\"},\"image\":{\"@id\":\"https:\/\/tongxiongart.com\/#\/schema\/logo\/image\/\"}}]}<\/script>\n<!-- \/ Yoast SEO plugin. -->","yoast_head_json":{"title":"Mentions L\u00e9gales - Portfolio","robots":{"index":"index","follow":"follow","max-snippet":"max-snippet:-1","max-image-preview":"max-image-preview:large","max-video-preview":"max-video-preview:-1"},"canonical":"https:\/\/tongxiongart.com\/index.php\/mentions-legales\/","og_locale":"fr_FR","og_type":"article","og_title":"Mentions L\u00e9gales - Portfolio","og_description":"MENTIONS LEGALES : Conform\u00e9ment aux dispositions des articles 6-III et 19 de la Loi n\u00b0 2004-575 du 21 juin 2004 pour la Confiance dans l&rsquo;\u00e9conomie num\u00e9rique, dite L.C.E.N., nous portons \u00e0 la connaissance des utilisateursLire la suiteMentions L\u00e9gales","og_url":"https:\/\/tongxiongart.com\/index.php\/mentions-legales\/","og_site_name":"Portfolio","article_modified_time":"2018-06-10T08:03:08+00:00","twitter_card":"summary_large_image","twitter_misc":{"Dur\u00e9e de lecture estim\u00e9e":"2 minutes"},"schema":{"@context":"https:\/\/schema.org","@graph":[{"@type":"WebPage","@id":"https:\/\/tongxiongart.com\/index.php\/mentions-legales\/","url":"https:\/\/tongxiongart.com\/index.php\/mentions-legales\/","name":"Mentions L\u00e9gales - Portfolio","isPartOf":{"@id":"https:\/\/tongxiongart.com\/#website"},"datePublished":"2018-01-01T19:33:46+00:00","dateModified":"2018-06-10T08:03:08+00:00","breadcrumb":{"@id":"https:\/\/tongxiongart.com\/index.php\/mentions-legales\/#breadcrumb"},"inLanguage":"fr-FR","potentialAction":[{"@type":"ReadAction","target":["https:\/\/tongxiongart.com\/index.php\/mentions-legales\/"]}]},{"@type":"BreadcrumbList","@id":"https:\/\/tongxiongart.com\/index.php\/mentions-legales\/#breadcrumb","itemListElement":[{"@type":"ListItem","position":1,"name":"Accueil","item":"https:\/\/tongxiongart.com\/"},{"@type":"ListItem","position":2,"name":"Mentions L\u00e9gales"}]},{"@type":"WebSite","@id":"https:\/\/tongxiongart.com\/#website","url":"https:\/\/tongxiongart.com\/","name":"Portfolio","description":"Artiste peintre \/ Styliste ","publisher":{"@id":"https:\/\/tongxiongart.com\/#organization"},"potentialAction":[{"@type":"SearchAction","target":{"@type":"EntryPoint","urlTemplate":"https:\/\/tongxiongart.com\/?s={search_term_string}"},"query-input":{"@type":"PropertyValueSpecification","valueRequired":true,"valueName":"search_term_string"}}],"inLanguage":"fr-FR"},{"@type":"Organization","@id":"https:\/\/tongxiongart.com\/#organization","name":"Portfolio","url":"https:\/\/tongxiongart.com\/","logo":{"@type":"ImageObject","inLanguage":"fr-FR","@id":"https:\/\/tongxiongart.com\/#\/schema\/logo\/image\/","url":"https:\/\/tongxiongart.com\/wp-content\/uploads\/2023\/10\/cropped-cropped-cropped-Tong-Xiong-Art.png","contentUrl":"https:\/\/tongxiongart.com\/wp-content\/uploads\/2023\/10\/cropped-cropped-cropped-Tong-Xiong-Art.png","width":374,"height":403,"caption":"Portfolio"},"image":{"@id":"https:\/\/tongxiongart.com\/#\/schema\/logo\/image\/"}}]}},"_links":{"self":[{"href":"https:\/\/tongxiongart.com\/index.php\/wp-json\/wp\/v2\/pages\/953"}],"collection":[{"href":"https:\/\/tongxiongart.com\/index.php\/wp-json\/wp\/v2\/pages"}],"about":[{"href":"https:\/\/tongxiongart.com\/index.php\/wp-json\/wp\/v2\/types\/page"}],"author":[{"embeddable":true,"href":"https:\/\/tongxiongart.com\/index.php\/wp-json\/wp\/v2\/users\/2"}],"replies":[{"embeddable":true,"href":"https:\/\/tongxiongart.com\/index.php\/wp-json\/wp\/v2\/comments?post=953"}],"version-history":[{"count":3,"href":"https:\/\/tongxiongart.com\/index.php\/wp-json\/wp\/v2\/pages\/953\/revisions"}],"predecessor-version":[{"id":1355,"href":"https:\/\/tongxiongart.com\/index.php\/wp-json\/wp\/v2\/pages\/953\/revisions\/1355"}],"wp:attachment":[{"href":"https:\/\/tongxiongart.com\/index.php\/wp-json\/wp\/v2\/media?parent=953"}],"curies":[{"name":"wp","href":"https:\/\/api.w.org\/{rel}","templated":true}]}}