{"id":9,"date":"2017-11-11T11:04:47","date_gmt":"2017-11-11T10:04:47","guid":{"rendered":"https:\/\/tongxiongart.com\/?page_id=9"},"modified":"2018-06-10T10:01:05","modified_gmt":"2018-06-10T08:01:05","slug":"peinture","status":"publish","type":"page","link":"https:\/\/tongxiongart.com\/index.php\/peinture\/","title":{"rendered":"Digital Painting"},"content":{"rendered":"\t\t<div data-elementor-type=\"wp-post\" data-elementor-id=\"9\" class=\"elementor elementor-9 elementor-bc-flex-widget\">\n\t\t\t\t\t\t<section class=\"elementor-section elementor-top-section elementor-element elementor-element-38d78ab1 elementor-section-content-bottom elementor-section-boxed elementor-section-height-default elementor-section-height-default\" data-id=\"38d78ab1\" data-element_type=\"section\" data-e-type=\"section\" data-settings=\"{&quot;background_background&quot;:&quot;classic&quot;}\">\n\t\t\t\t\t\t\t<div class=\"elementor-background-overlay\"><\/div>\n\t\t\t\t\t\t\t<div class=\"elementor-container elementor-column-gap-default\">\n\t\t\t\t\t<div class=\"elementor-column elementor-col-100 elementor-top-column elementor-element elementor-element-50dc471d\" data-id=\"50dc471d\" data-element_type=\"column\" data-e-type=\"column\" data-settings=\"{&quot;background_background&quot;:&quot;classic&quot;}\">\n\t\t\t<div class=\"elementor-widget-wrap elementor-element-populated\">\n\t\t\t\t\t\t<div class=\"elementor-element elementor-element-0af1675 elementor-invisible elementor-widget elementor-widget-text-editor\" data-id=\"0af1675\" data-element_type=\"widget\" data-e-type=\"widget\" data-settings=\"{&quot;_animation&quot;:&quot;fadeIn&quot;}\" data-widget_type=\"text-editor.default\">\n\t\t\t\t<div class=\"elementor-widget-container\">\n\t\t\t\t\t\t\t\t\t<h4 style=\"text-align: center;\"><span style=\"color: #25d95b;\">De la Peinture Manuel \u00e0\u00a0 Num\u00e9rique<\/span><\/h4><p style=\"text-align: center;\"><span style=\"color: #ffffff;\">Le temps n&rsquo;existe pas, rien n&rsquo;a chang\u00e9, je continue \u00e0 tracer des lignes , \u00e0 peindre.<\/span><\/p><p style=\"text-align: center;\"><span style=\"color: #ffffff;\">L&rsquo;outil semble \u00e9volu\u00e9, tant\u00f4t une mine de crayon parcourant le papier,<\/span><\/p><p style=\"text-align: center;\"><span style=\"color: #ffffff;\">tant\u00f4t un pinceau \u0153uvrant sur une toile&#8230;<\/span><\/p><p style=\"text-align: center;\"><span style=\"color: #ffffff;\">et maintenant je m&rsquo;ajuste avec un stylet sur une tablette graphique.<\/span><\/p>\t\t\t\t\t\t\t\t<\/div>\n\t\t\t\t<\/div>\n\t\t\t\t\t<\/div>\n\t\t<\/div>\n\t\t\t\t\t<\/div>\n\t\t<\/section>\n\t\t\t\t<section class=\"elementor-section elementor-top-section elementor-element elementor-element-2e53d59d elementor-section-boxed elementor-section-height-default elementor-section-height-default\" data-id=\"2e53d59d\" data-element_type=\"section\" data-e-type=\"section\">\n\t\t\t\t\t\t<div class=\"elementor-container elementor-column-gap-default\">\n\t\t\t\t\t<div class=\"elementor-column elementor-col-100 elementor-top-column elementor-element elementor-element-14b7ee97\" data-id=\"14b7ee97\" data-element_type=\"column\" data-e-type=\"column\">\n\t\t\t<div class=\"elementor-widget-wrap elementor-element-populated\">\n\t\t\t\t\t\t<section class=\"elementor-section elementor-inner-section elementor-element elementor-element-33981c1b elementor-section-boxed elementor-section-height-default elementor-section-height-default\" data-id=\"33981c1b\" data-element_type=\"section\" data-e-type=\"section\">\n\t\t\t\t\t\t<div class=\"elementor-container elementor-column-gap-default\">\n\t\t\t\t\t<div class=\"elementor-column elementor-col-50 elementor-inner-column elementor-element elementor-element-298bfa47\" data-id=\"298bfa47\" data-element_type=\"column\" data-e-type=\"column\">\n\t\t\t<div class=\"elementor-widget-wrap elementor-element-populated\">\n\t\t\t\t\t\t<div class=\"elementor-element elementor-element-674ca063 elementor-align-center elementor-widget elementor-widget-button\" data-id=\"674ca063\" data-element_type=\"widget\" data-e-type=\"widget\" data-widget_type=\"button.default\">\n\t\t\t\t<div class=\"elementor-widget-container\">\n\t\t\t\t\t\t\t\t\t<div class=\"elementor-button-wrapper\">\n\t\t\t\t\t<a class=\"elementor-button elementor-button-link elementor-size-xl\" href=\"https:\/\/tongxiongart.com\/index.php\/peinture-2\/\" rel=\"nofollow\">\n\t\t\t\t\t\t<span class=\"elementor-button-content-wrapper\">\n\t\t\t\t\t\t\t\t\t<span class=\"elementor-button-text\">Peinture<\/span>\n\t\t\t\t\t<\/span>\n\t\t\t\t\t<\/a>\n\t\t\t\t<\/div>\n\t\t\t\t\t\t\t\t<\/div>\n\t\t\t\t<\/div>\n\t\t\t\t\t<\/div>\n\t\t<\/div>\n\t\t\t\t<div class=\"elementor-column elementor-col-50 elementor-inner-column elementor-element elementor-element-24831cad\" data-id=\"24831cad\" data-element_type=\"column\" data-e-type=\"column\">\n\t\t\t<div class=\"elementor-widget-wrap elementor-element-populated\">\n\t\t\t\t\t\t<div class=\"elementor-element elementor-element-5062001b elementor-align-center elementor-widget elementor-widget-button\" data-id=\"5062001b\" data-element_type=\"widget\" data-e-type=\"widget\" data-widget_type=\"button.default\">\n\t\t\t\t<div class=\"elementor-widget-container\">\n\t\t\t\t\t\t\t\t\t<div class=\"elementor-button-wrapper\">\n\t\t\t\t\t<a class=\"elementor-button elementor-button-link elementor-size-xl\" href=\"https:\/\/tongxiongart.com\/index.php\/illustration\/\" rel=\"nofollow\">\n\t\t\t\t\t\t<span class=\"elementor-button-content-wrapper\">\n\t\t\t\t\t\t\t\t\t<span class=\"elementor-button-text\">Illustration<\/span>\n\t\t\t\t\t<\/span>\n\t\t\t\t\t<\/a>\n\t\t\t\t<\/div>\n\t\t\t\t\t\t\t\t<\/div>\n\t\t\t\t<\/div>\n\t\t\t\t\t<\/div>\n\t\t<\/div>\n\t\t\t\t\t<\/div>\n\t\t<\/section>\n\t\t\t\t\t<\/div>\n\t\t<\/div>\n\t\t\t\t\t<\/div>\n\t\t<\/section>\n\t\t\t\t<\/div>\n\t\t","protected":false},"excerpt":{"rendered":"<p>De la Peinture Manuel \u00e0\u00a0 Num\u00e9rique Le temps n&rsquo;existe pas, rien n&rsquo;a chang\u00e9, je continue \u00e0 tracer des lignes , \u00e0 peindre. L&rsquo;outil semble \u00e9volu\u00e9, tant\u00f4t une mine de crayon parcourant le papier, tant\u00f4t un<span class=\"more-button\"><a href=\"https:\/\/tongxiongart.com\/index.php\/peinture\/\" class=\"more-link\">Lire la suite<span class=\"screen-reader-text\">Digital Painting<\/span><i class=\"fa fa-angle-right\" aria-hidden=\"true\"><\/i><\/a><\/span><\/p>\n","protected":false},"author":2,"featured_media":0,"parent":0,"menu_order":0,"comment_status":"closed","ping_status":"closed","template":"","meta":{"footnotes":""},"class_list":["post-9","page","type-page","status-publish","hentry"],"yoast_head":"<!-- This site is optimized with the Yoast SEO plugin v25.3.1 - https:\/\/yoast.com\/wordpress\/plugins\/seo\/ -->\n<title>Digital Painting - Portfolio<\/title>\n<meta name=\"robots\" content=\"index, follow, max-snippet:-1, max-image-preview:large, max-video-preview:-1\" \/>\n<link rel=\"canonical\" href=\"https:\/\/tongxiongart.com\/index.php\/peinture\/\" \/>\n<meta property=\"og:locale\" content=\"fr_FR\" \/>\n<meta property=\"og:type\" content=\"article\" \/>\n<meta property=\"og:title\" content=\"Digital Painting - Portfolio\" \/>\n<meta property=\"og:description\" content=\"De la Peinture Manuel \u00e0\u00a0 Num\u00e9rique Le temps n&rsquo;existe pas, rien n&rsquo;a chang\u00e9, je continue \u00e0 tracer des lignes , \u00e0 peindre. L&rsquo;outil semble \u00e9volu\u00e9, tant\u00f4t une mine de crayon parcourant le papier, tant\u00f4t unLire la suiteDigital Painting\" \/>\n<meta property=\"og:url\" content=\"https:\/\/tongxiongart.com\/index.php\/peinture\/\" \/>\n<meta property=\"og:site_name\" content=\"Portfolio\" \/>\n<meta property=\"article:modified_time\" content=\"2018-06-10T08:01:05+00:00\" \/>\n<meta name=\"twitter:card\" content=\"summary_large_image\" \/>\n<script type=\"application\/ld+json\" class=\"yoast-schema-graph\">{\"@context\":\"https:\/\/schema.org\",\"@graph\":[{\"@type\":\"WebPage\",\"@id\":\"https:\/\/tongxiongart.com\/index.php\/peinture\/\",\"url\":\"https:\/\/tongxiongart.com\/index.php\/peinture\/\",\"name\":\"Digital Painting - Portfolio\",\"isPartOf\":{\"@id\":\"https:\/\/tongxiongart.com\/#website\"},\"datePublished\":\"2017-11-11T10:04:47+00:00\",\"dateModified\":\"2018-06-10T08:01:05+00:00\",\"breadcrumb\":{\"@id\":\"https:\/\/tongxiongart.com\/index.php\/peinture\/#breadcrumb\"},\"inLanguage\":\"fr-FR\",\"potentialAction\":[{\"@type\":\"ReadAction\",\"target\":[\"https:\/\/tongxiongart.com\/index.php\/peinture\/\"]}]},{\"@type\":\"BreadcrumbList\",\"@id\":\"https:\/\/tongxiongart.com\/index.php\/peinture\/#breadcrumb\",\"itemListElement\":[{\"@type\":\"ListItem\",\"position\":1,\"name\":\"Accueil\",\"item\":\"https:\/\/tongxiongart.com\/\"},{\"@type\":\"ListItem\",\"position\":2,\"name\":\"Digital Painting\"}]},{\"@type\":\"WebSite\",\"@id\":\"https:\/\/tongxiongart.com\/#website\",\"url\":\"https:\/\/tongxiongart.com\/\",\"name\":\"Portfolio\",\"description\":\"Artiste peintre \/ Styliste \",\"publisher\":{\"@id\":\"https:\/\/tongxiongart.com\/#organization\"},\"potentialAction\":[{\"@type\":\"SearchAction\",\"target\":{\"@type\":\"EntryPoint\",\"urlTemplate\":\"https:\/\/tongxiongart.com\/?s={search_term_string}\"},\"query-input\":{\"@type\":\"PropertyValueSpecification\",\"valueRequired\":true,\"valueName\":\"search_term_string\"}}],\"inLanguage\":\"fr-FR\"},{\"@type\":\"Organization\",\"@id\":\"https:\/\/tongxiongart.com\/#organization\",\"name\":\"Portfolio\",\"url\":\"https:\/\/tongxiongart.com\/\",\"logo\":{\"@type\":\"ImageObject\",\"inLanguage\":\"fr-FR\",\"@id\":\"https:\/\/tongxiongart.com\/#\/schema\/logo\/image\/\",\"url\":\"https:\/\/tongxiongart.com\/wp-content\/uploads\/2023\/10\/cropped-cropped-cropped-Tong-Xiong-Art.png\",\"contentUrl\":\"https:\/\/tongxiongart.com\/wp-content\/uploads\/2023\/10\/cropped-cropped-cropped-Tong-Xiong-Art.png\",\"width\":374,\"height\":403,\"caption\":\"Portfolio\"},\"image\":{\"@id\":\"https:\/\/tongxiongart.com\/#\/schema\/logo\/image\/\"}}]}<\/script>\n<!-- \/ Yoast SEO plugin. -->","yoast_head_json":{"title":"Digital Painting - Portfolio","robots":{"index":"index","follow":"follow","max-snippet":"max-snippet:-1","max-image-preview":"max-image-preview:large","max-video-preview":"max-video-preview:-1"},"canonical":"https:\/\/tongxiongart.com\/index.php\/peinture\/","og_locale":"fr_FR","og_type":"article","og_title":"Digital Painting - Portfolio","og_description":"De la Peinture Manuel \u00e0\u00a0 Num\u00e9rique Le temps n&rsquo;existe pas, rien n&rsquo;a chang\u00e9, je continue \u00e0 tracer des lignes , \u00e0 peindre. L&rsquo;outil semble \u00e9volu\u00e9, tant\u00f4t une mine de crayon parcourant le papier, tant\u00f4t unLire la suiteDigital Painting","og_url":"https:\/\/tongxiongart.com\/index.php\/peinture\/","og_site_name":"Portfolio","article_modified_time":"2018-06-10T08:01:05+00:00","twitter_card":"summary_large_image","schema":{"@context":"https:\/\/schema.org","@graph":[{"@type":"WebPage","@id":"https:\/\/tongxiongart.com\/index.php\/peinture\/","url":"https:\/\/tongxiongart.com\/index.php\/peinture\/","name":"Digital Painting - Portfolio","isPartOf":{"@id":"https:\/\/tongxiongart.com\/#website"},"datePublished":"2017-11-11T10:04:47+00:00","dateModified":"2018-06-10T08:01:05+00:00","breadcrumb":{"@id":"https:\/\/tongxiongart.com\/index.php\/peinture\/#breadcrumb"},"inLanguage":"fr-FR","potentialAction":[{"@type":"ReadAction","target":["https:\/\/tongxiongart.com\/index.php\/peinture\/"]}]},{"@type":"BreadcrumbList","@id":"https:\/\/tongxiongart.com\/index.php\/peinture\/#breadcrumb","itemListElement":[{"@type":"ListItem","position":1,"name":"Accueil","item":"https:\/\/tongxiongart.com\/"},{"@type":"ListItem","position":2,"name":"Digital Painting"}]},{"@type":"WebSite","@id":"https:\/\/tongxiongart.com\/#website","url":"https:\/\/tongxiongart.com\/","name":"Portfolio","description":"Artiste peintre \/ Styliste ","publisher":{"@id":"https:\/\/tongxiongart.com\/#organization"},"potentialAction":[{"@type":"SearchAction","target":{"@type":"EntryPoint","urlTemplate":"https:\/\/tongxiongart.com\/?s={search_term_string}"},"query-input":{"@type":"PropertyValueSpecification","valueRequired":true,"valueName":"search_term_string"}}],"inLanguage":"fr-FR"},{"@type":"Organization","@id":"https:\/\/tongxiongart.com\/#organization","name":"Portfolio","url":"https:\/\/tongxiongart.com\/","logo":{"@type":"ImageObject","inLanguage":"fr-FR","@id":"https:\/\/tongxiongart.com\/#\/schema\/logo\/image\/","url":"https:\/\/tongxiongart.com\/wp-content\/uploads\/2023\/10\/cropped-cropped-cropped-Tong-Xiong-Art.png","contentUrl":"https:\/\/tongxiongart.com\/wp-content\/uploads\/2023\/10\/cropped-cropped-cropped-Tong-Xiong-Art.png","width":374,"height":403,"caption":"Portfolio"},"image":{"@id":"https:\/\/tongxiongart.com\/#\/schema\/logo\/image\/"}}]}},"_links":{"self":[{"href":"https:\/\/tongxiongart.com\/index.php\/wp-json\/wp\/v2\/pages\/9"}],"collection":[{"href":"https:\/\/tongxiongart.com\/index.php\/wp-json\/wp\/v2\/pages"}],"about":[{"href":"https:\/\/tongxiongart.com\/index.php\/wp-json\/wp\/v2\/types\/page"}],"author":[{"embeddable":true,"href":"https:\/\/tongxiongart.com\/index.php\/wp-json\/wp\/v2\/users\/2"}],"replies":[{"embeddable":true,"href":"https:\/\/tongxiongart.com\/index.php\/wp-json\/wp\/v2\/comments?post=9"}],"version-history":[{"count":45,"href":"https:\/\/tongxiongart.com\/index.php\/wp-json\/wp\/v2\/pages\/9\/revisions"}],"predecessor-version":[{"id":1354,"href":"https:\/\/tongxiongart.com\/index.php\/wp-json\/wp\/v2\/pages\/9\/revisions\/1354"}],"wp:attachment":[{"href":"https:\/\/tongxiongart.com\/index.php\/wp-json\/wp\/v2\/media?parent=9"}],"curies":[{"name":"wp","href":"https:\/\/api.w.org\/{rel}","templated":true}]}}