{"id":889,"date":"2018-01-01T16:39:25","date_gmt":"2018-01-01T15:39:25","guid":{"rendered":"https:\/\/tongxiongart.com\/?page_id=889"},"modified":"2021-04-09T10:17:55","modified_gmt":"2021-04-09T08:17:55","slug":"donnees-personnelles","status":"publish","type":"page","link":"https:\/\/tongxiongart.com\/index.php\/donnees-personnelles\/","title":{"rendered":"Donn\u00e9es Personnelles"},"content":{"rendered":"\t\t<div data-elementor-type=\"wp-post\" data-elementor-id=\"889\" class=\"elementor elementor-889\">\n\t\t\t\t\t\t<section class=\"elementor-section elementor-top-section elementor-element elementor-element-3a925198 elementor-section-boxed elementor-section-height-default elementor-section-height-default\" data-id=\"3a925198\" data-element_type=\"section\" data-e-type=\"section\">\n\t\t\t\t\t\t<div class=\"elementor-container elementor-column-gap-default\">\n\t\t\t\t\t<div class=\"elementor-column elementor-col-100 elementor-top-column elementor-element elementor-element-3252762\" data-id=\"3252762\" data-element_type=\"column\" data-e-type=\"column\">\n\t\t\t<div class=\"elementor-widget-wrap elementor-element-populated\">\n\t\t\t\t\t\t<div class=\"elementor-element elementor-element-23fbe547 elementor-widget elementor-widget-text-editor\" data-id=\"23fbe547\" data-element_type=\"widget\" data-e-type=\"widget\" data-widget_type=\"text-editor.default\">\n\t\t\t\t<div class=\"elementor-widget-container\">\n\t\t\t\t\t\t\t\t\t<h1>Donn\u00e9es personnelles<\/h1>\n<h4>Avertissement<\/h4>\nCe mod\u00e8le sera ult\u00e9rieurement compl\u00e9t\u00e9 par l\u2019information concernant les directives relatives au sort des donn\u00e9es \u00e0 caract\u00e8re personnel apr\u00e8s la mort (article 32-I-6\u00b0 de la loi du 6 janvier 1978 modifi\u00e9e).\n\nLes informations recueillies sur ce formulaire sont enregistr\u00e9es dans un fichier informatis\u00e9 par Tong Xiong Art pour Gestion email contact et newsletter\nElles sont conserv\u00e9es pendant3 an et sont destin\u00e9es service marketing\nConform\u00e9ment \u00e0 la <a href=\"https:\/\/www.cnil.fr\/fr\/loi-78-17-du-6-janvier-1978-modifiee\">loi \u00ab informatique et libert\u00e9s \u00bb<\/a><a>, vous pouvez exercer votre droit d&rsquo;acc\u00e8s aux donn\u00e9es vous concernant et les faire rectifier en contactant :<\/a>\n<h2>OVH\n2 rue Kellermann\n59100 Roubaix<\/h2>\nNous vous informons de l\u2019existence de la liste d&rsquo;opposition au d\u00e9marchage t\u00e9l\u00e9phonique \u00ab Bloctel \u00bb, sur laquelle vous pouvez vous inscrire ici : https:\/\/conso.bloctel.fr\/\n\n&nbsp;\t\t\t\t\t\t\t\t<\/div>\n\t\t\t\t<\/div>\n\t\t\t\t\t<\/div>\n\t\t<\/div>\n\t\t\t\t\t<\/div>\n\t\t<\/section>\n\t\t\t\t<\/div>\n\t\t","protected":false},"excerpt":{"rendered":"<p>Donn\u00e9es personnelles Avertissement Ce mod\u00e8le sera ult\u00e9rieurement compl\u00e9t\u00e9 par l\u2019information concernant les directives relatives au sort des donn\u00e9es \u00e0 caract\u00e8re personnel apr\u00e8s la mort (article 32-I-6\u00b0 de la loi du 6 janvier 1978 modifi\u00e9e). Les<span class=\"more-button\"><a href=\"https:\/\/tongxiongart.com\/index.php\/donnees-personnelles\/\" class=\"more-link\">Lire la suite<span class=\"screen-reader-text\">Donn\u00e9es Personnelles<\/span><i class=\"fa fa-angle-right\" aria-hidden=\"true\"><\/i><\/a><\/span><\/p>\n","protected":false},"author":2,"featured_media":0,"parent":0,"menu_order":0,"comment_status":"closed","ping_status":"closed","template":"","meta":{"footnotes":""},"class_list":["post-889","page","type-page","status-publish","hentry"],"yoast_head":"<!-- This site is optimized with the Yoast SEO plugin v25.3.1 - https:\/\/yoast.com\/wordpress\/plugins\/seo\/ -->\n<title>Donn\u00e9es Personnelles - Portfolio<\/title>\n<meta name=\"robots\" content=\"index, follow, max-snippet:-1, max-image-preview:large, max-video-preview:-1\" \/>\n<link rel=\"canonical\" href=\"https:\/\/tongxiongart.com\/index.php\/donnees-personnelles\/\" \/>\n<meta property=\"og:locale\" content=\"fr_FR\" \/>\n<meta property=\"og:type\" content=\"article\" \/>\n<meta property=\"og:title\" content=\"Donn\u00e9es Personnelles - Portfolio\" \/>\n<meta property=\"og:description\" content=\"Donn\u00e9es personnelles Avertissement Ce mod\u00e8le sera ult\u00e9rieurement compl\u00e9t\u00e9 par l\u2019information concernant les directives relatives au sort des donn\u00e9es \u00e0 caract\u00e8re personnel apr\u00e8s la mort (article 32-I-6\u00b0 de la loi du 6 janvier 1978 modifi\u00e9e). LesLire la suiteDonn\u00e9es Personnelles\" \/>\n<meta property=\"og:url\" content=\"https:\/\/tongxiongart.com\/index.php\/donnees-personnelles\/\" \/>\n<meta property=\"og:site_name\" content=\"Portfolio\" \/>\n<meta property=\"article:modified_time\" content=\"2021-04-09T08:17:55+00:00\" \/>\n<meta name=\"twitter:card\" content=\"summary_large_image\" \/>\n<meta name=\"twitter:label1\" content=\"Dur\u00e9e de lecture estim\u00e9e\" \/>\n\t<meta name=\"twitter:data1\" content=\"1 minute\" \/>\n<script type=\"application\/ld+json\" class=\"yoast-schema-graph\">{\"@context\":\"https:\/\/schema.org\",\"@graph\":[{\"@type\":\"WebPage\",\"@id\":\"https:\/\/tongxiongart.com\/index.php\/donnees-personnelles\/\",\"url\":\"https:\/\/tongxiongart.com\/index.php\/donnees-personnelles\/\",\"name\":\"Donn\u00e9es Personnelles - Portfolio\",\"isPartOf\":{\"@id\":\"https:\/\/tongxiongart.com\/#website\"},\"datePublished\":\"2018-01-01T15:39:25+00:00\",\"dateModified\":\"2021-04-09T08:17:55+00:00\",\"breadcrumb\":{\"@id\":\"https:\/\/tongxiongart.com\/index.php\/donnees-personnelles\/#breadcrumb\"},\"inLanguage\":\"fr-FR\",\"potentialAction\":[{\"@type\":\"ReadAction\",\"target\":[\"https:\/\/tongxiongart.com\/index.php\/donnees-personnelles\/\"]}]},{\"@type\":\"BreadcrumbList\",\"@id\":\"https:\/\/tongxiongart.com\/index.php\/donnees-personnelles\/#breadcrumb\",\"itemListElement\":[{\"@type\":\"ListItem\",\"position\":1,\"name\":\"Accueil\",\"item\":\"https:\/\/tongxiongart.com\/\"},{\"@type\":\"ListItem\",\"position\":2,\"name\":\"Donn\u00e9es Personnelles\"}]},{\"@type\":\"WebSite\",\"@id\":\"https:\/\/tongxiongart.com\/#website\",\"url\":\"https:\/\/tongxiongart.com\/\",\"name\":\"Portfolio\",\"description\":\"Artiste peintre \/ Styliste \",\"publisher\":{\"@id\":\"https:\/\/tongxiongart.com\/#organization\"},\"potentialAction\":[{\"@type\":\"SearchAction\",\"target\":{\"@type\":\"EntryPoint\",\"urlTemplate\":\"https:\/\/tongxiongart.com\/?s={search_term_string}\"},\"query-input\":{\"@type\":\"PropertyValueSpecification\",\"valueRequired\":true,\"valueName\":\"search_term_string\"}}],\"inLanguage\":\"fr-FR\"},{\"@type\":\"Organization\",\"@id\":\"https:\/\/tongxiongart.com\/#organization\",\"name\":\"Portfolio\",\"url\":\"https:\/\/tongxiongart.com\/\",\"logo\":{\"@type\":\"ImageObject\",\"inLanguage\":\"fr-FR\",\"@id\":\"https:\/\/tongxiongart.com\/#\/schema\/logo\/image\/\",\"url\":\"https:\/\/tongxiongart.com\/wp-content\/uploads\/2023\/10\/cropped-cropped-cropped-Tong-Xiong-Art.png\",\"contentUrl\":\"https:\/\/tongxiongart.com\/wp-content\/uploads\/2023\/10\/cropped-cropped-cropped-Tong-Xiong-Art.png\",\"width\":374,\"height\":403,\"caption\":\"Portfolio\"},\"image\":{\"@id\":\"https:\/\/tongxiongart.com\/#\/schema\/logo\/image\/\"}}]}<\/script>\n<!-- \/ Yoast SEO plugin. -->","yoast_head_json":{"title":"Donn\u00e9es Personnelles - Portfolio","robots":{"index":"index","follow":"follow","max-snippet":"max-snippet:-1","max-image-preview":"max-image-preview:large","max-video-preview":"max-video-preview:-1"},"canonical":"https:\/\/tongxiongart.com\/index.php\/donnees-personnelles\/","og_locale":"fr_FR","og_type":"article","og_title":"Donn\u00e9es Personnelles - Portfolio","og_description":"Donn\u00e9es personnelles Avertissement Ce mod\u00e8le sera ult\u00e9rieurement compl\u00e9t\u00e9 par l\u2019information concernant les directives relatives au sort des donn\u00e9es \u00e0 caract\u00e8re personnel apr\u00e8s la mort (article 32-I-6\u00b0 de la loi du 6 janvier 1978 modifi\u00e9e). LesLire la suiteDonn\u00e9es Personnelles","og_url":"https:\/\/tongxiongart.com\/index.php\/donnees-personnelles\/","og_site_name":"Portfolio","article_modified_time":"2021-04-09T08:17:55+00:00","twitter_card":"summary_large_image","twitter_misc":{"Dur\u00e9e de lecture estim\u00e9e":"1 minute"},"schema":{"@context":"https:\/\/schema.org","@graph":[{"@type":"WebPage","@id":"https:\/\/tongxiongart.com\/index.php\/donnees-personnelles\/","url":"https:\/\/tongxiongart.com\/index.php\/donnees-personnelles\/","name":"Donn\u00e9es Personnelles - Portfolio","isPartOf":{"@id":"https:\/\/tongxiongart.com\/#website"},"datePublished":"2018-01-01T15:39:25+00:00","dateModified":"2021-04-09T08:17:55+00:00","breadcrumb":{"@id":"https:\/\/tongxiongart.com\/index.php\/donnees-personnelles\/#breadcrumb"},"inLanguage":"fr-FR","potentialAction":[{"@type":"ReadAction","target":["https:\/\/tongxiongart.com\/index.php\/donnees-personnelles\/"]}]},{"@type":"BreadcrumbList","@id":"https:\/\/tongxiongart.com\/index.php\/donnees-personnelles\/#breadcrumb","itemListElement":[{"@type":"ListItem","position":1,"name":"Accueil","item":"https:\/\/tongxiongart.com\/"},{"@type":"ListItem","position":2,"name":"Donn\u00e9es Personnelles"}]},{"@type":"WebSite","@id":"https:\/\/tongxiongart.com\/#website","url":"https:\/\/tongxiongart.com\/","name":"Portfolio","description":"Artiste peintre \/ Styliste ","publisher":{"@id":"https:\/\/tongxiongart.com\/#organization"},"potentialAction":[{"@type":"SearchAction","target":{"@type":"EntryPoint","urlTemplate":"https:\/\/tongxiongart.com\/?s={search_term_string}"},"query-input":{"@type":"PropertyValueSpecification","valueRequired":true,"valueName":"search_term_string"}}],"inLanguage":"fr-FR"},{"@type":"Organization","@id":"https:\/\/tongxiongart.com\/#organization","name":"Portfolio","url":"https:\/\/tongxiongart.com\/","logo":{"@type":"ImageObject","inLanguage":"fr-FR","@id":"https:\/\/tongxiongart.com\/#\/schema\/logo\/image\/","url":"https:\/\/tongxiongart.com\/wp-content\/uploads\/2023\/10\/cropped-cropped-cropped-Tong-Xiong-Art.png","contentUrl":"https:\/\/tongxiongart.com\/wp-content\/uploads\/2023\/10\/cropped-cropped-cropped-Tong-Xiong-Art.png","width":374,"height":403,"caption":"Portfolio"},"image":{"@id":"https:\/\/tongxiongart.com\/#\/schema\/logo\/image\/"}}]}},"_links":{"self":[{"href":"https:\/\/tongxiongart.com\/index.php\/wp-json\/wp\/v2\/pages\/889"}],"collection":[{"href":"https:\/\/tongxiongart.com\/index.php\/wp-json\/wp\/v2\/pages"}],"about":[{"href":"https:\/\/tongxiongart.com\/index.php\/wp-json\/wp\/v2\/types\/page"}],"author":[{"embeddable":true,"href":"https:\/\/tongxiongart.com\/index.php\/wp-json\/wp\/v2\/users\/2"}],"replies":[{"embeddable":true,"href":"https:\/\/tongxiongart.com\/index.php\/wp-json\/wp\/v2\/comments?post=889"}],"version-history":[{"count":4,"href":"https:\/\/tongxiongart.com\/index.php\/wp-json\/wp\/v2\/pages\/889\/revisions"}],"predecessor-version":[{"id":1522,"href":"https:\/\/tongxiongart.com\/index.php\/wp-json\/wp\/v2\/pages\/889\/revisions\/1522"}],"wp:attachment":[{"href":"https:\/\/tongxiongart.com\/index.php\/wp-json\/wp\/v2\/media?parent=889"}],"curies":[{"name":"wp","href":"https:\/\/api.w.org\/{rel}","templated":true}]}}