{"id":554,"date":"2017-12-09T10:09:16","date_gmt":"2017-12-09T09:09:16","guid":{"rendered":"https:\/\/tongxiongart.com\/?page_id=554"},"modified":"2019-01-01T03:09:30","modified_gmt":"2019-01-01T02:09:30","slug":"temoignagne","status":"publish","type":"page","link":"https:\/\/tongxiongart.com\/index.php\/temoignagne\/","title":{"rendered":"T\u00e9moignage"},"content":{"rendered":"\t\t<div data-elementor-type=\"wp-post\" data-elementor-id=\"554\" class=\"elementor elementor-554 elementor-bc-flex-widget\">\n\t\t\t\t\t\t<section class=\"elementor-section elementor-top-section elementor-element elementor-element-a8d56c9 elementor-section-boxed elementor-section-height-default elementor-section-height-default\" data-id=\"a8d56c9\" data-element_type=\"section\" data-e-type=\"section\">\n\t\t\t\t\t\t<div class=\"elementor-container elementor-column-gap-default\">\n\t\t\t\t\t<div class=\"elementor-column elementor-col-100 elementor-top-column elementor-element elementor-element-d9270d1\" data-id=\"d9270d1\" data-element_type=\"column\" data-e-type=\"column\">\n\t\t\t<div class=\"elementor-widget-wrap elementor-element-populated\">\n\t\t\t\t\t\t<div class=\"elementor-element elementor-element-4376cea elementor-widget elementor-widget-heading\" data-id=\"4376cea\" data-element_type=\"widget\" data-e-type=\"widget\" data-widget_type=\"heading.default\">\n\t\t\t\t<div class=\"elementor-widget-container\">\n\t\t\t\t\t<h2 class=\"elementor-heading-title elementor-size-default\">T\u00e9moignage de l'exp\u00e9rience Photo-Art - Vivre la Magie du Portrait<\/h2>\t\t\t\t<\/div>\n\t\t\t\t<\/div>\n\t\t\t\t\t<\/div>\n\t\t<\/div>\n\t\t\t\t\t<\/div>\n\t\t<\/section>\n\t\t\t\t<section class=\"elementor-section elementor-top-section elementor-element elementor-element-d6c7d95 elementor-section-boxed elementor-section-height-default elementor-section-height-default\" data-id=\"d6c7d95\" data-element_type=\"section\" data-e-type=\"section\">\n\t\t\t\t\t\t<div class=\"elementor-container elementor-column-gap-default\">\n\t\t\t\t\t<div class=\"elementor-column elementor-col-100 elementor-top-column elementor-element elementor-element-5b123aa\" data-id=\"5b123aa\" data-element_type=\"column\" data-e-type=\"column\">\n\t\t\t<div class=\"elementor-widget-wrap elementor-element-populated\">\n\t\t\t\t\t\t<div class=\"elementor-element elementor-element-a40bc35 elementor-widget elementor-widget-text-editor\" data-id=\"a40bc35\" data-element_type=\"widget\" data-e-type=\"widget\" data-widget_type=\"text-editor.default\">\n\t\t\t\t<div class=\"elementor-widget-container\">\n\t\t\t\t\t\t\t\t\t<h1>Votre avis compte !<\/h1><p>[gwolle_gb]<\/p>\t\t\t\t\t\t\t\t<\/div>\n\t\t\t\t<\/div>\n\t\t\t\t\t<\/div>\n\t\t<\/div>\n\t\t\t\t\t<\/div>\n\t\t<\/section>\n\t\t\t\t<section class=\"elementor-section elementor-top-section elementor-element elementor-element-6aaee9ec elementor-section-boxed elementor-section-height-default elementor-section-height-default\" data-id=\"6aaee9ec\" data-element_type=\"section\" data-e-type=\"section\">\n\t\t\t\t\t\t<div class=\"elementor-container elementor-column-gap-default\">\n\t\t\t\t\t<div class=\"elementor-column elementor-col-100 elementor-top-column elementor-element elementor-element-b705165\" data-id=\"b705165\" data-element_type=\"column\" data-e-type=\"column\">\n\t\t\t<div class=\"elementor-widget-wrap\">\n\t\t\t\t\t\t\t<\/div>\n\t\t<\/div>\n\t\t\t\t\t<\/div>\n\t\t<\/section>\n\t\t\t\t<section class=\"elementor-section elementor-top-section elementor-element elementor-element-2c24f486 elementor-section-boxed elementor-section-height-default elementor-section-height-default\" data-id=\"2c24f486\" data-element_type=\"section\" data-e-type=\"section\">\n\t\t\t\t\t\t<div class=\"elementor-container elementor-column-gap-default\">\n\t\t\t\t\t<div class=\"elementor-column elementor-col-100 elementor-top-column elementor-element elementor-element-7f668ae3\" data-id=\"7f668ae3\" data-element_type=\"column\" data-e-type=\"column\">\n\t\t\t<div class=\"elementor-widget-wrap elementor-element-populated\">\n\t\t\t\t\t\t<div class=\"elementor-element elementor-element-6f01728d elementor-shape-circle elementor-grid-0 e-grid-align-center elementor-widget elementor-widget-social-icons\" data-id=\"6f01728d\" data-element_type=\"widget\" data-e-type=\"widget\" data-widget_type=\"social-icons.default\">\n\t\t\t\t<div class=\"elementor-widget-container\">\n\t\t\t\t\t\t\t<div class=\"elementor-social-icons-wrapper elementor-grid\" role=\"list\">\n\t\t\t\t\t\t\t<span class=\"elementor-grid-item\" role=\"listitem\">\n\t\t\t\t\t<a class=\"elementor-icon elementor-social-icon elementor-social-icon-pinterest elementor-repeater-item-1da749a\" href=\"https:\/\/www.pinterest.fr\/shemyn7570\/boards\/\" target=\"_blank\">\n\t\t\t\t\t\t<span class=\"elementor-screen-only\">Pinterest<\/span>\n\t\t\t\t\t\t\t\t\t\t\t\t\t<i class=\"fa fa-pinterest\" aria-hidden=\"true\"><\/i>\n\t\t\t\t\t\t\t\t\t\t\t<\/a>\n\t\t\t\t<\/span>\n\t\t\t\t\t\t\t<span class=\"elementor-grid-item\" role=\"listitem\">\n\t\t\t\t\t<a class=\"elementor-icon elementor-social-icon elementor-social-icon-facebook elementor-repeater-item-5359eff\" href=\"https:\/\/www.facebook.com\/Tongxiongart\/\" target=\"_blank\">\n\t\t\t\t\t\t<span class=\"elementor-screen-only\">Facebook<\/span>\n\t\t\t\t\t\t\t\t\t\t\t\t\t<i class=\"fa fa-facebook\" aria-hidden=\"true\"><\/i>\n\t\t\t\t\t\t\t\t\t\t\t<\/a>\n\t\t\t\t<\/span>\n\t\t\t\t\t\t\t<span class=\"elementor-grid-item\" role=\"listitem\">\n\t\t\t\t\t<a class=\"elementor-icon elementor-social-icon elementor-social-icon-youtube elementor-repeater-item-0d67162\" href=\"https:\/\/www.youtube.com\/channel\/UClySO-FXx9aoyS1OkwWhqjw?view_as=subscriber\" target=\"_blank\">\n\t\t\t\t\t\t<span class=\"elementor-screen-only\">Youtube<\/span>\n\t\t\t\t\t\t\t\t\t\t\t\t\t<i class=\"fa fa-youtube\" aria-hidden=\"true\"><\/i>\n\t\t\t\t\t\t\t\t\t\t\t<\/a>\n\t\t\t\t<\/span>\n\t\t\t\t\t\t\t<span class=\"elementor-grid-item\" role=\"listitem\">\n\t\t\t\t\t<a class=\"elementor-icon elementor-social-icon elementor-social-icon-instagram elementor-repeater-item-c3b89d0\" href=\"https:\/\/www.instagram.com\/tongxiongart\/\" target=\"_blank\">\n\t\t\t\t\t\t<span class=\"elementor-screen-only\">Instagram<\/span>\n\t\t\t\t\t\t\t\t\t\t\t\t\t<i class=\"fa fa-instagram\" aria-hidden=\"true\"><\/i>\n\t\t\t\t\t\t\t\t\t\t\t<\/a>\n\t\t\t\t<\/span>\n\t\t\t\t\t<\/div>\n\t\t\t\t\t\t<\/div>\n\t\t\t\t<\/div>\n\t\t\t\t\t<\/div>\n\t\t<\/div>\n\t\t\t\t\t<\/div>\n\t\t<\/section>\n\t\t\t\t<section class=\"elementor-section elementor-top-section elementor-element elementor-element-c631bf3 elementor-section-boxed elementor-section-height-default elementor-section-height-default\" data-id=\"c631bf3\" data-element_type=\"section\" data-e-type=\"section\">\n\t\t\t\t\t\t<div class=\"elementor-container elementor-column-gap-default\">\n\t\t\t\t\t<div class=\"elementor-column elementor-col-100 elementor-top-column elementor-element elementor-element-d6380fa\" data-id=\"d6380fa\" data-element_type=\"column\" data-e-type=\"column\">\n\t\t\t<div class=\"elementor-widget-wrap elementor-element-populated\">\n\t\t\t\t\t\t<div class=\"elementor-element elementor-element-e3dd81e elementor-widget elementor-widget-spacer\" data-id=\"e3dd81e\" data-element_type=\"widget\" data-e-type=\"widget\" data-widget_type=\"spacer.default\">\n\t\t\t\t<div class=\"elementor-widget-container\">\n\t\t\t\t\t\t\t<div class=\"elementor-spacer\">\n\t\t\t<div class=\"elementor-spacer-inner\"><\/div>\n\t\t<\/div>\n\t\t\t\t\t\t<\/div>\n\t\t\t\t<\/div>\n\t\t\t\t\t<\/div>\n\t\t<\/div>\n\t\t\t\t\t<\/div>\n\t\t<\/section>\n\t\t\t\t<section class=\"elementor-section elementor-top-section elementor-element elementor-element-35ca8d7e elementor-section-content-top elementor-section-boxed elementor-section-height-default elementor-section-height-default\" data-id=\"35ca8d7e\" data-element_type=\"section\" data-e-type=\"section\">\n\t\t\t\t\t\t<div class=\"elementor-container elementor-column-gap-narrow\">\n\t\t\t\t\t<div class=\"elementor-column elementor-col-50 elementor-top-column elementor-element elementor-element-277f5fda\" data-id=\"277f5fda\" data-element_type=\"column\" data-e-type=\"column\">\n\t\t\t<div class=\"elementor-widget-wrap elementor-element-populated\">\n\t\t\t\t\t\t<div class=\"elementor-element elementor-element-68d8cd49 elementor-widget elementor-widget-image\" data-id=\"68d8cd49\" data-element_type=\"widget\" data-e-type=\"widget\" data-widget_type=\"image.default\">\n\t\t\t\t<div class=\"elementor-widget-container\">\n\t\t\t\t\t\t\t\t\t\t\t\t\t\t\t\t<a href=\"https:\/\/tongxiongart.com\/wp-content\/uploads\/2017\/11\/Mystere-cv.jpg\" data-elementor-open-lightbox=\"yes\" data-elementor-lightbox-title=\"Auto-portrait Contact\" data-elementor-lightbox-description=\"style calligraphie\" data-e-action-hash=\"#elementor-action%3Aaction%3Dlightbox%26settings%3DeyJpZCI6ODYsInVybCI6Imh0dHBzOlwvXC90b25neGlvbmdhcnQuY29tXC93cC1jb250ZW50XC91cGxvYWRzXC8yMDE3XC8xMVwvTXlzdGVyZS1jdi5qcGcifQ%3D%3D\">\n\t\t\t\t\t\t\t<img fetchpriority=\"high\" decoding=\"async\" width=\"183\" height=\"300\" src=\"https:\/\/tongxiongart.com\/wp-content\/uploads\/2017\/11\/Mystere-cv-183x300.jpg\" class=\"attachment-medium size-medium wp-image-86\" alt=\"Auto-portrait Contact\" srcset=\"https:\/\/tongxiongart.com\/wp-content\/uploads\/2017\/11\/Mystere-cv-183x300.jpg 183w, https:\/\/tongxiongart.com\/wp-content\/uploads\/2017\/11\/Mystere-cv-768x1262.jpg 768w, https:\/\/tongxiongart.com\/wp-content\/uploads\/2017\/11\/Mystere-cv-623x1024.jpg 623w, https:\/\/tongxiongart.com\/wp-content\/uploads\/2017\/11\/Mystere-cv.jpg 807w\" sizes=\"(max-width: 183px) 100vw, 183px\" \/>\t\t\t\t\t\t\t\t<\/a>\n\t\t\t\t\t\t\t\t\t\t\t\t\t\t\t<\/div>\n\t\t\t\t<\/div>\n\t\t\t\t\t<\/div>\n\t\t<\/div>\n\t\t\t\t<div class=\"elementor-column elementor-col-50 elementor-top-column elementor-element elementor-element-6090f427\" data-id=\"6090f427\" data-element_type=\"column\" data-e-type=\"column\">\n\t\t\t<div class=\"elementor-widget-wrap elementor-element-populated\">\n\t\t\t\t\t\t<div class=\"elementor-element elementor-element-6dfa8667 elementor-view-framed animated-fast elementor-shape-circle elementor-position-block-start elementor-mobile-position-block-start elementor-invisible elementor-widget elementor-widget-icon-box\" data-id=\"6dfa8667\" data-element_type=\"widget\" data-e-type=\"widget\" data-settings=\"{&quot;_animation&quot;:&quot;fadeIn&quot;}\" data-widget_type=\"icon-box.default\">\n\t\t\t\t<div class=\"elementor-widget-container\">\n\t\t\t\t\t\t\t<div class=\"elementor-icon-box-wrapper\">\n\n\t\t\t\t\t\t<div class=\"elementor-icon-box-icon\">\n\t\t\t\t<span  class=\"elementor-icon\">\n\t\t\t\t<i class=\"fa fa-envelope-o\" aria-hidden=\"true\"><\/i>\t\t\t\t<\/span>\n\t\t\t<\/div>\n\t\t\t\n\t\t\t\t\t\t<div class=\"elementor-icon-box-content\">\n\n\t\t\t\t\t\t\t\t\t<div class=\"elementor-icon-box-title\">\n\t\t\t\t\t\t<span  >\n\t\t\t\t\t\t\tPour me contacter\t\t\t\t\t\t<\/span>\n\t\t\t\t\t<\/div>\n\t\t\t\t\n\t\t\t\t\n\t\t\t<\/div>\n\t\t\t\n\t\t<\/div>\n\t\t\t\t\t\t<\/div>\n\t\t\t\t<\/div>\n\t\t\t\t<div class=\"elementor-element elementor-element-93766de elementor-widget elementor-widget-heading\" data-id=\"93766de\" data-element_type=\"widget\" data-e-type=\"widget\" data-widget_type=\"heading.default\">\n\t\t\t\t<div class=\"elementor-widget-container\">\n\t\t\t\t\t<h1 class=\"elementor-heading-title elementor-size-default\">shemyn@tongxiongart.com<\/h1>\t\t\t\t<\/div>\n\t\t\t\t<\/div>\n\t\t\t\t\t<\/div>\n\t\t<\/div>\n\t\t\t\t\t<\/div>\n\t\t<\/section>\n\t\t\t\t<\/div>\n\t\t","protected":false},"excerpt":{"rendered":"<p>T\u00e9moignage de l&rsquo;exp\u00e9rience Photo-Art &#8211; Vivre la Magie du Portrait Votre avis compte ! [gwolle_gb] Pinterest Facebook Youtube Instagram Pour me contacter shemyn@tongxiongart.com<\/p>\n","protected":false},"author":2,"featured_media":0,"parent":0,"menu_order":0,"comment_status":"closed","ping_status":"closed","template":"","meta":{"footnotes":""},"class_list":["post-554","page","type-page","status-publish","hentry"],"yoast_head":"<!-- This site is optimized with the Yoast SEO plugin v25.3.1 - https:\/\/yoast.com\/wordpress\/plugins\/seo\/ -->\n<title>T\u00e9moignage - Portfolio<\/title>\n<meta name=\"robots\" content=\"index, follow, max-snippet:-1, max-image-preview:large, max-video-preview:-1\" \/>\n<link rel=\"canonical\" href=\"https:\/\/tongxiongart.com\/index.php\/temoignagne\/\" \/>\n<meta property=\"og:locale\" content=\"fr_FR\" \/>\n<meta property=\"og:type\" content=\"article\" \/>\n<meta property=\"og:title\" content=\"T\u00e9moignage - Portfolio\" \/>\n<meta property=\"og:description\" content=\"T\u00e9moignage de l&rsquo;exp\u00e9rience Photo-Art &#8211; Vivre la Magie du Portrait Votre avis compte ! [gwolle_gb] Pinterest Facebook Youtube Instagram Pour me contacter shemyn@tongxiongart.com\" \/>\n<meta property=\"og:url\" content=\"https:\/\/tongxiongart.com\/index.php\/temoignagne\/\" \/>\n<meta property=\"og:site_name\" content=\"Portfolio\" \/>\n<meta property=\"article:modified_time\" content=\"2019-01-01T02:09:30+00:00\" \/>\n<meta property=\"og:image\" content=\"https:\/\/tongxiongart.com\/wp-content\/uploads\/2017\/11\/Mystere-cv-183x300.jpg\" \/>\n<meta name=\"twitter:card\" content=\"summary_large_image\" \/>\n<script type=\"application\/ld+json\" class=\"yoast-schema-graph\">{\"@context\":\"https:\/\/schema.org\",\"@graph\":[{\"@type\":\"WebPage\",\"@id\":\"https:\/\/tongxiongart.com\/index.php\/temoignagne\/\",\"url\":\"https:\/\/tongxiongart.com\/index.php\/temoignagne\/\",\"name\":\"T\u00e9moignage - Portfolio\",\"isPartOf\":{\"@id\":\"https:\/\/tongxiongart.com\/#website\"},\"primaryImageOfPage\":{\"@id\":\"https:\/\/tongxiongart.com\/index.php\/temoignagne\/#primaryimage\"},\"image\":{\"@id\":\"https:\/\/tongxiongart.com\/index.php\/temoignagne\/#primaryimage\"},\"thumbnailUrl\":\"https:\/\/tongxiongart.com\/wp-content\/uploads\/2017\/11\/Mystere-cv-183x300.jpg\",\"datePublished\":\"2017-12-09T09:09:16+00:00\",\"dateModified\":\"2019-01-01T02:09:30+00:00\",\"breadcrumb\":{\"@id\":\"https:\/\/tongxiongart.com\/index.php\/temoignagne\/#breadcrumb\"},\"inLanguage\":\"fr-FR\",\"potentialAction\":[{\"@type\":\"ReadAction\",\"target\":[\"https:\/\/tongxiongart.com\/index.php\/temoignagne\/\"]}]},{\"@type\":\"ImageObject\",\"inLanguage\":\"fr-FR\",\"@id\":\"https:\/\/tongxiongart.com\/index.php\/temoignagne\/#primaryimage\",\"url\":\"https:\/\/tongxiongart.com\/wp-content\/uploads\/2017\/11\/Mystere-cv-183x300.jpg\",\"contentUrl\":\"https:\/\/tongxiongart.com\/wp-content\/uploads\/2017\/11\/Mystere-cv-183x300.jpg\"},{\"@type\":\"BreadcrumbList\",\"@id\":\"https:\/\/tongxiongart.com\/index.php\/temoignagne\/#breadcrumb\",\"itemListElement\":[{\"@type\":\"ListItem\",\"position\":1,\"name\":\"Accueil\",\"item\":\"https:\/\/tongxiongart.com\/\"},{\"@type\":\"ListItem\",\"position\":2,\"name\":\"T\u00e9moignage\"}]},{\"@type\":\"WebSite\",\"@id\":\"https:\/\/tongxiongart.com\/#website\",\"url\":\"https:\/\/tongxiongart.com\/\",\"name\":\"Portfolio\",\"description\":\"Artiste peintre \/ Styliste \",\"publisher\":{\"@id\":\"https:\/\/tongxiongart.com\/#organization\"},\"potentialAction\":[{\"@type\":\"SearchAction\",\"target\":{\"@type\":\"EntryPoint\",\"urlTemplate\":\"https:\/\/tongxiongart.com\/?s={search_term_string}\"},\"query-input\":{\"@type\":\"PropertyValueSpecification\",\"valueRequired\":true,\"valueName\":\"search_term_string\"}}],\"inLanguage\":\"fr-FR\"},{\"@type\":\"Organization\",\"@id\":\"https:\/\/tongxiongart.com\/#organization\",\"name\":\"Portfolio\",\"url\":\"https:\/\/tongxiongart.com\/\",\"logo\":{\"@type\":\"ImageObject\",\"inLanguage\":\"fr-FR\",\"@id\":\"https:\/\/tongxiongart.com\/#\/schema\/logo\/image\/\",\"url\":\"https:\/\/tongxiongart.com\/wp-content\/uploads\/2023\/10\/cropped-cropped-cropped-Tong-Xiong-Art.png\",\"contentUrl\":\"https:\/\/tongxiongart.com\/wp-content\/uploads\/2023\/10\/cropped-cropped-cropped-Tong-Xiong-Art.png\",\"width\":374,\"height\":403,\"caption\":\"Portfolio\"},\"image\":{\"@id\":\"https:\/\/tongxiongart.com\/#\/schema\/logo\/image\/\"}}]}<\/script>\n<!-- \/ Yoast SEO plugin. -->","yoast_head_json":{"title":"T\u00e9moignage - Portfolio","robots":{"index":"index","follow":"follow","max-snippet":"max-snippet:-1","max-image-preview":"max-image-preview:large","max-video-preview":"max-video-preview:-1"},"canonical":"https:\/\/tongxiongart.com\/index.php\/temoignagne\/","og_locale":"fr_FR","og_type":"article","og_title":"T\u00e9moignage - Portfolio","og_description":"T\u00e9moignage de l&rsquo;exp\u00e9rience Photo-Art &#8211; Vivre la Magie du Portrait Votre avis compte ! [gwolle_gb] Pinterest Facebook Youtube Instagram Pour me contacter shemyn@tongxiongart.com","og_url":"https:\/\/tongxiongart.com\/index.php\/temoignagne\/","og_site_name":"Portfolio","article_modified_time":"2019-01-01T02:09:30+00:00","og_image":[{"url":"https:\/\/tongxiongart.com\/wp-content\/uploads\/2017\/11\/Mystere-cv-183x300.jpg","type":"","width":"","height":""}],"twitter_card":"summary_large_image","schema":{"@context":"https:\/\/schema.org","@graph":[{"@type":"WebPage","@id":"https:\/\/tongxiongart.com\/index.php\/temoignagne\/","url":"https:\/\/tongxiongart.com\/index.php\/temoignagne\/","name":"T\u00e9moignage - Portfolio","isPartOf":{"@id":"https:\/\/tongxiongart.com\/#website"},"primaryImageOfPage":{"@id":"https:\/\/tongxiongart.com\/index.php\/temoignagne\/#primaryimage"},"image":{"@id":"https:\/\/tongxiongart.com\/index.php\/temoignagne\/#primaryimage"},"thumbnailUrl":"https:\/\/tongxiongart.com\/wp-content\/uploads\/2017\/11\/Mystere-cv-183x300.jpg","datePublished":"2017-12-09T09:09:16+00:00","dateModified":"2019-01-01T02:09:30+00:00","breadcrumb":{"@id":"https:\/\/tongxiongart.com\/index.php\/temoignagne\/#breadcrumb"},"inLanguage":"fr-FR","potentialAction":[{"@type":"ReadAction","target":["https:\/\/tongxiongart.com\/index.php\/temoignagne\/"]}]},{"@type":"ImageObject","inLanguage":"fr-FR","@id":"https:\/\/tongxiongart.com\/index.php\/temoignagne\/#primaryimage","url":"https:\/\/tongxiongart.com\/wp-content\/uploads\/2017\/11\/Mystere-cv-183x300.jpg","contentUrl":"https:\/\/tongxiongart.com\/wp-content\/uploads\/2017\/11\/Mystere-cv-183x300.jpg"},{"@type":"BreadcrumbList","@id":"https:\/\/tongxiongart.com\/index.php\/temoignagne\/#breadcrumb","itemListElement":[{"@type":"ListItem","position":1,"name":"Accueil","item":"https:\/\/tongxiongart.com\/"},{"@type":"ListItem","position":2,"name":"T\u00e9moignage"}]},{"@type":"WebSite","@id":"https:\/\/tongxiongart.com\/#website","url":"https:\/\/tongxiongart.com\/","name":"Portfolio","description":"Artiste peintre \/ Styliste ","publisher":{"@id":"https:\/\/tongxiongart.com\/#organization"},"potentialAction":[{"@type":"SearchAction","target":{"@type":"EntryPoint","urlTemplate":"https:\/\/tongxiongart.com\/?s={search_term_string}"},"query-input":{"@type":"PropertyValueSpecification","valueRequired":true,"valueName":"search_term_string"}}],"inLanguage":"fr-FR"},{"@type":"Organization","@id":"https:\/\/tongxiongart.com\/#organization","name":"Portfolio","url":"https:\/\/tongxiongart.com\/","logo":{"@type":"ImageObject","inLanguage":"fr-FR","@id":"https:\/\/tongxiongart.com\/#\/schema\/logo\/image\/","url":"https:\/\/tongxiongart.com\/wp-content\/uploads\/2023\/10\/cropped-cropped-cropped-Tong-Xiong-Art.png","contentUrl":"https:\/\/tongxiongart.com\/wp-content\/uploads\/2023\/10\/cropped-cropped-cropped-Tong-Xiong-Art.png","width":374,"height":403,"caption":"Portfolio"},"image":{"@id":"https:\/\/tongxiongart.com\/#\/schema\/logo\/image\/"}}]}},"_links":{"self":[{"href":"https:\/\/tongxiongart.com\/index.php\/wp-json\/wp\/v2\/pages\/554"}],"collection":[{"href":"https:\/\/tongxiongart.com\/index.php\/wp-json\/wp\/v2\/pages"}],"about":[{"href":"https:\/\/tongxiongart.com\/index.php\/wp-json\/wp\/v2\/types\/page"}],"author":[{"embeddable":true,"href":"https:\/\/tongxiongart.com\/index.php\/wp-json\/wp\/v2\/users\/2"}],"replies":[{"embeddable":true,"href":"https:\/\/tongxiongart.com\/index.php\/wp-json\/wp\/v2\/comments?post=554"}],"version-history":[{"count":23,"href":"https:\/\/tongxiongart.com\/index.php\/wp-json\/wp\/v2\/pages\/554\/revisions"}],"predecessor-version":[{"id":1446,"href":"https:\/\/tongxiongart.com\/index.php\/wp-json\/wp\/v2\/pages\/554\/revisions\/1446"}],"wp:attachment":[{"href":"https:\/\/tongxiongart.com\/index.php\/wp-json\/wp\/v2\/media?parent=554"}],"curies":[{"name":"wp","href":"https:\/\/api.w.org\/{rel}","templated":true}]}}