{"id":371,"date":"2017-11-26T21:25:15","date_gmt":"2017-11-26T20:25:15","guid":{"rendered":"https:\/\/tongxiongart.com\/?page_id=371"},"modified":"2026-04-13T06:05:22","modified_gmt":"2026-04-13T04:05:22","slug":"croquis-inspiration","status":"publish","type":"page","link":"https:\/\/tongxiongart.com\/index.php\/croquis-inspiration\/","title":{"rendered":"Boutique"},"content":{"rendered":"\t\t<div data-elementor-type=\"wp-post\" data-elementor-id=\"371\" class=\"elementor elementor-371\">\n\t\t\t\t\t\t<section class=\"elementor-section elementor-top-section elementor-element elementor-element-2c843fc elementor-section-boxed elementor-section-height-default elementor-section-height-default\" data-id=\"2c843fc\" data-element_type=\"section\" data-e-type=\"section\">\n\t\t\t\t\t\t<div class=\"elementor-container elementor-column-gap-default\">\n\t\t\t\t\t<div class=\"elementor-column elementor-col-33 elementor-top-column elementor-element elementor-element-8247c7d\" data-id=\"8247c7d\" data-element_type=\"column\" data-e-type=\"column\">\n\t\t\t<div class=\"elementor-widget-wrap elementor-element-populated\">\n\t\t\t\t\t\t<div class=\"elementor-element elementor-element-661d618 elementor-widget elementor-widget-image\" data-id=\"661d618\" data-element_type=\"widget\" data-e-type=\"widget\" data-widget_type=\"image.default\">\n\t\t\t\t<div class=\"elementor-widget-container\">\n\t\t\t\t\t\t\t\t\t\t\t\t<figure class=\"wp-caption\">\n\t\t\t\t\t\t\t\t\t\t\t<a href=\"https:\/\/tongxiongart.com\/wp-content\/uploads\/2026\/04\/Eveil_site.png\" data-elementor-open-lightbox=\"yes\" data-elementor-lightbox-title=\"Eveil\" data-elementor-lightbox-description=\"Dessin au feutre noir pour site\" data-e-action-hash=\"#elementor-action%3Aaction%3Dlightbox%26settings%3DeyJpZCI6IjIxOTUiLCJ1cmwiOiJodHRwczpcL1wvdG9uZ3hpb25nYXJ0LmNvbVwvd3AtY29udGVudFwvdXBsb2Fkc1wvMjAyNlwvMDRcL0V2ZWlsX3NpdGUucG5nIn0%3D\">\n\t\t\t\t\t\t\t<img fetchpriority=\"high\" decoding=\"async\" width=\"741\" height=\"1024\" src=\"https:\/\/tongxiongart.com\/wp-content\/uploads\/2026\/04\/Eveil_site-741x1024.png\" class=\"attachment-large size-large wp-image-2195\" alt=\"Illustration\" srcset=\"https:\/\/tongxiongart.com\/wp-content\/uploads\/2026\/04\/Eveil_site-741x1024.png 741w, https:\/\/tongxiongart.com\/wp-content\/uploads\/2026\/04\/Eveil_site-217x300.png 217w, https:\/\/tongxiongart.com\/wp-content\/uploads\/2026\/04\/Eveil_site-768x1061.png 768w, https:\/\/tongxiongart.com\/wp-content\/uploads\/2026\/04\/Eveil_site-1112x1536.png 1112w, https:\/\/tongxiongart.com\/wp-content\/uploads\/2026\/04\/Eveil_site.png 1171w\" sizes=\"(max-width: 741px) 100vw, 741px\" \/>\t\t\t\t\t\t\t\t<\/a>\n\t\t\t\t\t\t\t\t\t\t\t<figcaption class=\"widget-image-caption wp-caption-text\">Eveil_Dessin au feutre noir<\/figcaption>\n\t\t\t\t\t\t\t\t\t\t<\/figure>\n\t\t\t\t\t\t\t\t\t<\/div>\n\t\t\t\t<\/div>\n\t\t\t\t\t<\/div>\n\t\t<\/div>\n\t\t\t\t<div class=\"elementor-column elementor-col-66 elementor-top-column elementor-element elementor-element-8bc5491\" data-id=\"8bc5491\" data-element_type=\"column\" data-e-type=\"column\">\n\t\t\t<div class=\"elementor-widget-wrap elementor-element-populated\">\n\t\t\t\t\t\t<div class=\"elementor-element elementor-element-25c0660 elementor-widget elementor-widget-text-editor\" data-id=\"25c0660\" data-element_type=\"widget\" data-e-type=\"widget\" data-widget_type=\"text-editor.default\">\n\t\t\t\t<div class=\"elementor-widget-container\">\n\t\t\t\t\t\t\t\t\t<h2 style=\"text-align: center\">\u00a0L&rsquo;Art comme Pr\u00e9sence<\/h2>\n<p style=\"text-align: center\">Bienvenue dans cet espace d\u00e9di\u00e9 \u00e0 l&rsquo;acquisition. Chaque \u0153uvre pr\u00e9sent\u00e9e ici est l&rsquo;aboutissement d&rsquo;un voyage int\u00e9rieur, une r\u00e9sonance entre mes racines Hmong et ma qu\u00eate de lumi\u00e8re.<\/p>\n<h4>Un fragment d&rsquo;\u00e2me, une valeur constante<\/h4>\n<p>Chaque \u0153uvre est la capture d&rsquo;une \u00e9motion fragile, un instant d&rsquo;\u00e9claircissement saisi dans le silence de mon atelier. Parce qu\u2019un fragment d\u2019\u00e2me ne peut \u00eatre soumis aux cycles des promotions, je privil\u00e9gie une relation juste et respectueuse avec mes collectionneurs. Ici, la valeur de l\u2019art reste constante, \u00e0 l\u2019image de la sinc\u00e9rit\u00e9 du geste qui l\u2019a cr\u00e9\u00e9.<\/p>\n<p style=\"text-align: center\">\u00a0<\/p>\t\t\t\t\t\t\t\t<\/div>\n\t\t\t\t<\/div>\n\t\t\t\t\t<\/div>\n\t\t<\/div>\n\t\t\t\t\t<\/div>\n\t\t<\/section>\n\t\t\t\t<section class=\"elementor-section elementor-top-section elementor-element elementor-element-0423311 elementor-section-boxed elementor-section-height-default elementor-section-height-default\" data-id=\"0423311\" data-element_type=\"section\" data-e-type=\"section\">\n\t\t\t\t\t\t<div class=\"elementor-container elementor-column-gap-default\">\n\t\t\t\t\t<div class=\"elementor-column elementor-col-33 elementor-top-column elementor-element elementor-element-15fcaac\" data-id=\"15fcaac\" data-element_type=\"column\" data-e-type=\"column\">\n\t\t\t<div class=\"elementor-widget-wrap elementor-element-populated\">\n\t\t\t\t\t\t<div class=\"elementor-element elementor-element-8056341 elementor-widget elementor-widget-image\" data-id=\"8056341\" data-element_type=\"widget\" data-e-type=\"widget\" data-widget_type=\"image.default\">\n\t\t\t\t<div class=\"elementor-widget-container\">\n\t\t\t\t\t\t\t\t\t\t\t\t<figure class=\"wp-caption\">\n\t\t\t\t\t\t\t\t\t\t\t<a href=\"https:\/\/tongxiongart.com\/wp-content\/uploads\/2026\/03\/Enfant21_Lavis-et-acrylique-sur-papier_Format-30-x-45-cm.png\" data-elementor-open-lightbox=\"yes\" data-elementor-lightbox-title=\"Attente\" data-elementor-lightbox-description=\"Format 30 cm x 45 cm\nLavis &amp; acrylique sur papier\" data-e-action-hash=\"#elementor-action%3Aaction%3Dlightbox%26settings%3DeyJpZCI6IjIxNTQiLCJ1cmwiOiJodHRwczpcL1wvdG9uZ3hpb25nYXJ0LmNvbVwvd3AtY29udGVudFwvdXBsb2Fkc1wvMjAyNlwvMDNcL0VuZmFudDIxX0xhdmlzLWV0LWFjcnlsaXF1ZS1zdXItcGFwaWVyX0Zvcm1hdC0zMC14LTQ1LWNtLnBuZyJ9\">\n\t\t\t\t\t\t\t<img decoding=\"async\" width=\"768\" height=\"1138\" src=\"https:\/\/tongxiongart.com\/wp-content\/uploads\/2026\/03\/Enfant21_Lavis-et-acrylique-sur-papier_Format-30-x-45-cm.png\" class=\"attachment-medium_large size-medium_large wp-image-2154\" alt=\"Peinture acrylique\" srcset=\"https:\/\/tongxiongart.com\/wp-content\/uploads\/2026\/03\/Enfant21_Lavis-et-acrylique-sur-papier_Format-30-x-45-cm.png 2974w, https:\/\/tongxiongart.com\/wp-content\/uploads\/2026\/03\/Enfant21_Lavis-et-acrylique-sur-papier_Format-30-x-45-cm-202x300.png 202w\" sizes=\"(max-width: 768px) 100vw, 768px\" \/>\t\t\t\t\t\t\t\t<\/a>\n\t\t\t\t\t\t\t\t\t\t\t<figcaption class=\"widget-image-caption wp-caption-text\">Attente_Peinture acrylique<\/figcaption>\n\t\t\t\t\t\t\t\t\t\t<\/figure>\n\t\t\t\t\t\t\t\t\t<\/div>\n\t\t\t\t<\/div>\n\t\t\t\t\t<\/div>\n\t\t<\/div>\n\t\t\t\t<div class=\"elementor-column elementor-col-33 elementor-top-column elementor-element elementor-element-8ad117d\" data-id=\"8ad117d\" data-element_type=\"column\" data-e-type=\"column\">\n\t\t\t<div class=\"elementor-widget-wrap elementor-element-populated\">\n\t\t\t\t\t\t<div class=\"elementor-element elementor-element-3277ccc elementor-widget elementor-widget-image\" data-id=\"3277ccc\" data-element_type=\"widget\" data-e-type=\"widget\" data-widget_type=\"image.default\">\n\t\t\t\t<div class=\"elementor-widget-container\">\n\t\t\t\t\t\t\t\t\t\t\t\t<figure class=\"wp-caption\">\n\t\t\t\t\t\t\t\t\t\t\t<a href=\"https:\/\/tongxiongart.com\/wp-content\/uploads\/2026\/03\/Enfant1_Lavis-et-acrylique-sur-papier_Format-50-x-70-cm.png\" data-elementor-open-lightbox=\"yes\" data-elementor-lightbox-title=\"Pr\u00e9sence\" data-elementor-lightbox-description=\"Format 50 cm x 70 cm\nLavis &amp; acrylique sur papier\" data-e-action-hash=\"#elementor-action%3Aaction%3Dlightbox%26settings%3DeyJpZCI6IjIxNTIiLCJ1cmwiOiJodHRwczpcL1wvdG9uZ3hpb25nYXJ0LmNvbVwvd3AtY29udGVudFwvdXBsb2Fkc1wvMjAyNlwvMDNcL0VuZmFudDFfTGF2aXMtZXQtYWNyeWxpcXVlLXN1ci1wYXBpZXJfRm9ybWF0LTUwLXgtNzAtY20ucG5nIn0%3D\">\n\t\t\t\t\t\t\t<img decoding=\"async\" width=\"670\" height=\"1024\" src=\"https:\/\/tongxiongart.com\/wp-content\/uploads\/2026\/03\/Enfant1_Lavis-et-acrylique-sur-papier_Format-50-x-70-cm-670x1024.png\" class=\"attachment-large size-large wp-image-2152\" alt=\"Peinture acrylique\" srcset=\"https:\/\/tongxiongart.com\/wp-content\/uploads\/2026\/03\/Enfant1_Lavis-et-acrylique-sur-papier_Format-50-x-70-cm-670x1024.png 670w, https:\/\/tongxiongart.com\/wp-content\/uploads\/2026\/03\/Enfant1_Lavis-et-acrylique-sur-papier_Format-50-x-70-cm-196x300.png 196w, https:\/\/tongxiongart.com\/wp-content\/uploads\/2026\/03\/Enfant1_Lavis-et-acrylique-sur-papier_Format-50-x-70-cm-768x1173.png 768w, https:\/\/tongxiongart.com\/wp-content\/uploads\/2026\/03\/Enfant1_Lavis-et-acrylique-sur-papier_Format-50-x-70-cm-1005x1536.png 1005w, https:\/\/tongxiongart.com\/wp-content\/uploads\/2026\/03\/Enfant1_Lavis-et-acrylique-sur-papier_Format-50-x-70-cm-1341x2048.png 1341w, https:\/\/tongxiongart.com\/wp-content\/uploads\/2026\/03\/Enfant1_Lavis-et-acrylique-sur-papier_Format-50-x-70-cm-1320x2017.png 1320w\" sizes=\"(max-width: 670px) 100vw, 670px\" \/>\t\t\t\t\t\t\t\t<\/a>\n\t\t\t\t\t\t\t\t\t\t\t<figcaption class=\"widget-image-caption wp-caption-text\">Pr\u00e9sence_Peinture Acrylique <\/figcaption>\n\t\t\t\t\t\t\t\t\t\t<\/figure>\n\t\t\t\t\t\t\t\t\t<\/div>\n\t\t\t\t<\/div>\n\t\t\t\t<div class=\"elementor-element elementor-element-c23a830 elementor-widget elementor-widget-text-editor\" data-id=\"c23a830\" data-element_type=\"widget\" data-e-type=\"widget\" data-widget_type=\"text-editor.default\">\n\t\t\t\t<div class=\"elementor-widget-container\">\n\t\t\t\t\t\t\t\t\t<h5 style=\"text-align: left\">Collectionner Tong Xiong Art<\/h5>\n<p><br \/><a style=\"display: inline-flex;align-items: center;gap: 8px;background: #dbcf9a;padding: 17px 14px;border-radius: 20px;text-decoration: none\" href=\"https:\/\/www.singulart.com\/en\/artist\/xxx-82474\" target=\"_blank\" rel=\"noopener\"><span style=\"font-size: 13px;font-weight: 500;color: #000000\">BOUTIQUE SINGULART<\/span><\/a><\/p>\t\t\t\t\t\t\t\t<\/div>\n\t\t\t\t<\/div>\n\t\t\t\t\t<\/div>\n\t\t<\/div>\n\t\t\t\t<div class=\"elementor-column elementor-col-33 elementor-top-column elementor-element elementor-element-0ff587d\" data-id=\"0ff587d\" data-element_type=\"column\" data-e-type=\"column\">\n\t\t\t<div class=\"elementor-widget-wrap elementor-element-populated\">\n\t\t\t\t\t\t<div class=\"elementor-element elementor-element-8dee07b elementor-widget elementor-widget-image\" data-id=\"8dee07b\" data-element_type=\"widget\" data-e-type=\"widget\" data-widget_type=\"image.default\">\n\t\t\t\t<div class=\"elementor-widget-container\">\n\t\t\t\t\t\t\t\t\t\t\t\t<figure class=\"wp-caption\">\n\t\t\t\t\t\t\t\t\t\t\t<a href=\"https:\/\/tongxiongart.com\/wp-content\/uploads\/2026\/03\/Enfant3_Lavis-et-acrylique-sur-papier_Format-30-x-45-cm.png\" data-elementor-open-lightbox=\"yes\" data-elementor-lightbox-title=\"Lib\u00e9ration\" data-elementor-lightbox-description=\"Format 30 cm x 45 cm\nLavis &amp; acrylique sur papier\" data-e-action-hash=\"#elementor-action%3Aaction%3Dlightbox%26settings%3DeyJpZCI6IjIxNTMiLCJ1cmwiOiJodHRwczpcL1wvdG9uZ3hpb25nYXJ0LmNvbVwvd3AtY29udGVudFwvdXBsb2Fkc1wvMjAyNlwvMDNcL0VuZmFudDNfTGF2aXMtZXQtYWNyeWxpcXVlLXN1ci1wYXBpZXJfRm9ybWF0LTMwLXgtNDUtY20ucG5nIn0%3D\">\n\t\t\t\t\t\t\t<img loading=\"lazy\" decoding=\"async\" width=\"674\" height=\"1024\" src=\"https:\/\/tongxiongart.com\/wp-content\/uploads\/2026\/03\/Enfant3_Lavis-et-acrylique-sur-papier_Format-30-x-45-cm-674x1024.png\" class=\"attachment-large size-large wp-image-2153\" alt=\"Peinture acrylique\" srcset=\"https:\/\/tongxiongart.com\/wp-content\/uploads\/2026\/03\/Enfant3_Lavis-et-acrylique-sur-papier_Format-30-x-45-cm-674x1024.png 674w, https:\/\/tongxiongart.com\/wp-content\/uploads\/2026\/03\/Enfant3_Lavis-et-acrylique-sur-papier_Format-30-x-45-cm-197x300.png 197w, https:\/\/tongxiongart.com\/wp-content\/uploads\/2026\/03\/Enfant3_Lavis-et-acrylique-sur-papier_Format-30-x-45-cm-768x1167.png 768w, https:\/\/tongxiongart.com\/wp-content\/uploads\/2026\/03\/Enfant3_Lavis-et-acrylique-sur-papier_Format-30-x-45-cm-1011x1536.png 1011w, https:\/\/tongxiongart.com\/wp-content\/uploads\/2026\/03\/Enfant3_Lavis-et-acrylique-sur-papier_Format-30-x-45-cm-1348x2048.png 1348w, https:\/\/tongxiongart.com\/wp-content\/uploads\/2026\/03\/Enfant3_Lavis-et-acrylique-sur-papier_Format-30-x-45-cm-1320x2006.png 1320w\" sizes=\"(max-width: 674px) 100vw, 674px\" \/>\t\t\t\t\t\t\t\t<\/a>\n\t\t\t\t\t\t\t\t\t\t\t<figcaption class=\"widget-image-caption wp-caption-text\">Lib\u00e9ration_Peinture Acrylique <\/figcaption>\n\t\t\t\t\t\t\t\t\t\t<\/figure>\n\t\t\t\t\t\t\t\t\t<\/div>\n\t\t\t\t<\/div>\n\t\t\t\t\t<\/div>\n\t\t<\/div>\n\t\t\t\t\t<\/div>\n\t\t<\/section>\n\t\t\t\t<section class=\"elementor-section elementor-top-section elementor-element elementor-element-9c2f88c elementor-section-boxed elementor-section-height-default elementor-section-height-default\" data-id=\"9c2f88c\" data-element_type=\"section\" data-e-type=\"section\">\n\t\t\t\t\t\t<div class=\"elementor-container elementor-column-gap-default\">\n\t\t\t\t\t<div class=\"elementor-column elementor-col-100 elementor-top-column elementor-element elementor-element-354bb83\" data-id=\"354bb83\" data-element_type=\"column\" data-e-type=\"column\">\n\t\t\t<div class=\"elementor-widget-wrap elementor-element-populated\">\n\t\t\t\t\t\t<div class=\"elementor-element elementor-element-0ccb08b elementor-widget elementor-widget-text-editor\" data-id=\"0ccb08b\" data-element_type=\"widget\" data-e-type=\"widget\" data-widget_type=\"text-editor.default\">\n\t\t\t\t<div class=\"elementor-widget-container\">\n\t\t\t\t\t\t\t\t\t<h4>\u00a0<\/h4>\n<p>Pour garantir une exp\u00e9rience d&rsquo;acquisition s\u00e9curis\u00e9e et une exp\u00e9dition internationale de haute qualit\u00e9, mes \u0153uvres originales sont disponibles exclusivement via la galerie <b data-path-to-node=\"19,1\" data-index-in-node=\"172\">Singulart<\/b>.<\/p>\n<h6><span style=\"text-decoration: underline\">D\u00e9couvrir les \u0153uvres disponibles sur Singulart<\/span><\/h6>\n<p><a style=\"display: inline-flex;align-items: center;gap: 8px;background: #dbcf9a;padding: 8px 14px;border-radius: 20px;text-decoration: none\" href=\"https:\/\/www.singulart.com\/en\/artist\/xxx-82474\" target=\"_blank\" rel=\"noopener\"><span style=\"font-size: 13px;font-weight: 500;color: #000000\">BOUTIQUE SINGULART<\/span><\/a><\/p>\t\t\t\t\t\t\t\t<\/div>\n\t\t\t\t<\/div>\n\t\t\t\t\t<\/div>\n\t\t<\/div>\n\t\t\t\t\t<\/div>\n\t\t<\/section>\n\t\t\t\t<section class=\"elementor-section elementor-top-section elementor-element elementor-element-3533668 elementor-section-boxed elementor-section-height-default elementor-section-height-default\" data-id=\"3533668\" data-element_type=\"section\" data-e-type=\"section\">\n\t\t\t\t\t\t<div class=\"elementor-container elementor-column-gap-default\">\n\t\t\t\t\t<div class=\"elementor-column elementor-col-100 elementor-top-column elementor-element elementor-element-b63139a\" data-id=\"b63139a\" data-element_type=\"column\" data-e-type=\"column\">\n\t\t\t<div class=\"elementor-widget-wrap elementor-element-populated\">\n\t\t\t\t\t\t<div class=\"elementor-element elementor-element-2a47db8 elementor-widget elementor-widget-text-editor\" data-id=\"2a47db8\" data-element_type=\"widget\" data-e-type=\"widget\" data-widget_type=\"text-editor.default\">\n\t\t\t\t<div class=\"elementor-widget-container\">\n\t\t\t\t\t\t\t\t\t<p>Toutes les \u0153uvres sont livr\u00e9es avec leur certificat d&rsquo;authenticit\u00e9. Pour toute demande de commande sp\u00e9ciale ou de visite d&rsquo;atelier (virtuelle ou physique), n&rsquo;h\u00e9sitez pas \u00e0 me contacter via le menu d\u00e9di\u00e9. <strong>( Contact )<\/strong><\/p>\t\t\t\t\t\t\t\t<\/div>\n\t\t\t\t<\/div>\n\t\t\t\t\t<\/div>\n\t\t<\/div>\n\t\t\t\t\t<\/div>\n\t\t<\/section>\n\t\t\t\t<\/div>\n\t\t","protected":false},"excerpt":{"rendered":"<p>Eveil_Dessin au feutre noir \u00a0L&rsquo;Art comme Pr\u00e9sence Bienvenue dans cet espace d\u00e9di\u00e9 \u00e0 l&rsquo;acquisition. Chaque \u0153uvre pr\u00e9sent\u00e9e ici est l&rsquo;aboutissement d&rsquo;un voyage int\u00e9rieur, une r\u00e9sonance entre mes racines Hmong et ma qu\u00eate de lumi\u00e8re. Un<span class=\"more-button\"><a href=\"https:\/\/tongxiongart.com\/index.php\/croquis-inspiration\/\" class=\"more-link\">Lire la suite<span class=\"screen-reader-text\">Boutique<\/span><i class=\"fa fa-angle-right\" aria-hidden=\"true\"><\/i><\/a><\/span><\/p>\n","protected":false},"author":2,"featured_media":0,"parent":0,"menu_order":0,"comment_status":"closed","ping_status":"closed","template":"","meta":{"footnotes":""},"class_list":["post-371","page","type-page","status-publish","hentry"],"yoast_head":"<!-- This site is optimized with the Yoast SEO plugin v25.3.1 - https:\/\/yoast.com\/wordpress\/plugins\/seo\/ -->\n<title>Boutique - Portfolio<\/title>\n<meta name=\"description\" content=\"Description : Boutique officielle de l&#039;artiste peintre Tong Xiong Art. Peintures originales, encres, acryliques et huiles inspir\u00e9es par la spiritualit\u00e9 chamanique et l&#039;h\u00e9ritage Hmong.\" \/>\n<meta name=\"robots\" content=\"index, follow, max-snippet:-1, max-image-preview:large, max-video-preview:-1\" \/>\n<link rel=\"canonical\" href=\"https:\/\/tongxiongart.com\/index.php\/croquis-inspiration\/\" \/>\n<meta property=\"og:locale\" content=\"fr_FR\" \/>\n<meta property=\"og:type\" content=\"article\" \/>\n<meta property=\"og:title\" content=\"Boutique - Portfolio\" \/>\n<meta property=\"og:description\" content=\"Description : Boutique officielle de l&#039;artiste peintre Tong Xiong Art. Peintures originales, encres, acryliques et huiles inspir\u00e9es par la spiritualit\u00e9 chamanique et l&#039;h\u00e9ritage Hmong.\" \/>\n<meta property=\"og:url\" content=\"https:\/\/tongxiongart.com\/index.php\/croquis-inspiration\/\" \/>\n<meta property=\"og:site_name\" content=\"Portfolio\" \/>\n<meta property=\"article:modified_time\" content=\"2026-04-13T04:05:22+00:00\" \/>\n<meta property=\"og:image\" content=\"https:\/\/tongxiongart.com\/wp-content\/uploads\/2026\/04\/Eveil_site-741x1024.png\" \/>\n<meta name=\"twitter:card\" content=\"summary_large_image\" \/>\n<meta name=\"twitter:label1\" content=\"Dur\u00e9e de lecture estim\u00e9e\" \/>\n\t<meta name=\"twitter:data1\" content=\"2 minutes\" \/>\n<script type=\"application\/ld+json\" class=\"yoast-schema-graph\">{\"@context\":\"https:\/\/schema.org\",\"@graph\":[{\"@type\":\"WebPage\",\"@id\":\"https:\/\/tongxiongart.com\/index.php\/croquis-inspiration\/\",\"url\":\"https:\/\/tongxiongart.com\/index.php\/croquis-inspiration\/\",\"name\":\"Boutique - Portfolio\",\"isPartOf\":{\"@id\":\"https:\/\/tongxiongart.com\/#website\"},\"primaryImageOfPage\":{\"@id\":\"https:\/\/tongxiongart.com\/index.php\/croquis-inspiration\/#primaryimage\"},\"image\":{\"@id\":\"https:\/\/tongxiongart.com\/index.php\/croquis-inspiration\/#primaryimage\"},\"thumbnailUrl\":\"https:\/\/tongxiongart.com\/wp-content\/uploads\/2026\/04\/Eveil_site-741x1024.png\",\"datePublished\":\"2017-11-26T20:25:15+00:00\",\"dateModified\":\"2026-04-13T04:05:22+00:00\",\"description\":\"Description : Boutique officielle de l'artiste peintre Tong Xiong Art. Peintures originales, encres, acryliques et huiles inspir\u00e9es par la spiritualit\u00e9 chamanique et l'h\u00e9ritage Hmong.\",\"breadcrumb\":{\"@id\":\"https:\/\/tongxiongart.com\/index.php\/croquis-inspiration\/#breadcrumb\"},\"inLanguage\":\"fr-FR\",\"potentialAction\":[{\"@type\":\"ReadAction\",\"target\":[\"https:\/\/tongxiongart.com\/index.php\/croquis-inspiration\/\"]}]},{\"@type\":\"ImageObject\",\"inLanguage\":\"fr-FR\",\"@id\":\"https:\/\/tongxiongart.com\/index.php\/croquis-inspiration\/#primaryimage\",\"url\":\"https:\/\/tongxiongart.com\/wp-content\/uploads\/2026\/04\/Eveil_site.png\",\"contentUrl\":\"https:\/\/tongxiongart.com\/wp-content\/uploads\/2026\/04\/Eveil_site.png\",\"width\":1171,\"height\":1618,\"caption\":\"Illustration\"},{\"@type\":\"BreadcrumbList\",\"@id\":\"https:\/\/tongxiongart.com\/index.php\/croquis-inspiration\/#breadcrumb\",\"itemListElement\":[{\"@type\":\"ListItem\",\"position\":1,\"name\":\"Accueil\",\"item\":\"https:\/\/tongxiongart.com\/\"},{\"@type\":\"ListItem\",\"position\":2,\"name\":\"Boutique\"}]},{\"@type\":\"WebSite\",\"@id\":\"https:\/\/tongxiongart.com\/#website\",\"url\":\"https:\/\/tongxiongart.com\/\",\"name\":\"Portfolio\",\"description\":\"Artiste peintre \/ Styliste \",\"publisher\":{\"@id\":\"https:\/\/tongxiongart.com\/#organization\"},\"potentialAction\":[{\"@type\":\"SearchAction\",\"target\":{\"@type\":\"EntryPoint\",\"urlTemplate\":\"https:\/\/tongxiongart.com\/?s={search_term_string}\"},\"query-input\":{\"@type\":\"PropertyValueSpecification\",\"valueRequired\":true,\"valueName\":\"search_term_string\"}}],\"inLanguage\":\"fr-FR\"},{\"@type\":\"Organization\",\"@id\":\"https:\/\/tongxiongart.com\/#organization\",\"name\":\"Portfolio\",\"url\":\"https:\/\/tongxiongart.com\/\",\"logo\":{\"@type\":\"ImageObject\",\"inLanguage\":\"fr-FR\",\"@id\":\"https:\/\/tongxiongart.com\/#\/schema\/logo\/image\/\",\"url\":\"https:\/\/tongxiongart.com\/wp-content\/uploads\/2023\/10\/cropped-cropped-cropped-Tong-Xiong-Art.png\",\"contentUrl\":\"https:\/\/tongxiongart.com\/wp-content\/uploads\/2023\/10\/cropped-cropped-cropped-Tong-Xiong-Art.png\",\"width\":374,\"height\":403,\"caption\":\"Portfolio\"},\"image\":{\"@id\":\"https:\/\/tongxiongart.com\/#\/schema\/logo\/image\/\"}}]}<\/script>\n<!-- \/ Yoast SEO plugin. -->","yoast_head_json":{"title":"Boutique - Portfolio","description":"Description : Boutique officielle de l'artiste peintre Tong Xiong Art. Peintures originales, encres, acryliques et huiles inspir\u00e9es par la spiritualit\u00e9 chamanique et l'h\u00e9ritage Hmong.","robots":{"index":"index","follow":"follow","max-snippet":"max-snippet:-1","max-image-preview":"max-image-preview:large","max-video-preview":"max-video-preview:-1"},"canonical":"https:\/\/tongxiongart.com\/index.php\/croquis-inspiration\/","og_locale":"fr_FR","og_type":"article","og_title":"Boutique - Portfolio","og_description":"Description : Boutique officielle de l'artiste peintre Tong Xiong Art. Peintures originales, encres, acryliques et huiles inspir\u00e9es par la spiritualit\u00e9 chamanique et l'h\u00e9ritage Hmong.","og_url":"https:\/\/tongxiongart.com\/index.php\/croquis-inspiration\/","og_site_name":"Portfolio","article_modified_time":"2026-04-13T04:05:22+00:00","og_image":[{"url":"https:\/\/tongxiongart.com\/wp-content\/uploads\/2026\/04\/Eveil_site-741x1024.png","type":"","width":"","height":""}],"twitter_card":"summary_large_image","twitter_misc":{"Dur\u00e9e de lecture estim\u00e9e":"2 minutes"},"schema":{"@context":"https:\/\/schema.org","@graph":[{"@type":"WebPage","@id":"https:\/\/tongxiongart.com\/index.php\/croquis-inspiration\/","url":"https:\/\/tongxiongart.com\/index.php\/croquis-inspiration\/","name":"Boutique - Portfolio","isPartOf":{"@id":"https:\/\/tongxiongart.com\/#website"},"primaryImageOfPage":{"@id":"https:\/\/tongxiongart.com\/index.php\/croquis-inspiration\/#primaryimage"},"image":{"@id":"https:\/\/tongxiongart.com\/index.php\/croquis-inspiration\/#primaryimage"},"thumbnailUrl":"https:\/\/tongxiongart.com\/wp-content\/uploads\/2026\/04\/Eveil_site-741x1024.png","datePublished":"2017-11-26T20:25:15+00:00","dateModified":"2026-04-13T04:05:22+00:00","description":"Description : Boutique officielle de l'artiste peintre Tong Xiong Art. Peintures originales, encres, acryliques et huiles inspir\u00e9es par la spiritualit\u00e9 chamanique et l'h\u00e9ritage Hmong.","breadcrumb":{"@id":"https:\/\/tongxiongart.com\/index.php\/croquis-inspiration\/#breadcrumb"},"inLanguage":"fr-FR","potentialAction":[{"@type":"ReadAction","target":["https:\/\/tongxiongart.com\/index.php\/croquis-inspiration\/"]}]},{"@type":"ImageObject","inLanguage":"fr-FR","@id":"https:\/\/tongxiongart.com\/index.php\/croquis-inspiration\/#primaryimage","url":"https:\/\/tongxiongart.com\/wp-content\/uploads\/2026\/04\/Eveil_site.png","contentUrl":"https:\/\/tongxiongart.com\/wp-content\/uploads\/2026\/04\/Eveil_site.png","width":1171,"height":1618,"caption":"Illustration"},{"@type":"BreadcrumbList","@id":"https:\/\/tongxiongart.com\/index.php\/croquis-inspiration\/#breadcrumb","itemListElement":[{"@type":"ListItem","position":1,"name":"Accueil","item":"https:\/\/tongxiongart.com\/"},{"@type":"ListItem","position":2,"name":"Boutique"}]},{"@type":"WebSite","@id":"https:\/\/tongxiongart.com\/#website","url":"https:\/\/tongxiongart.com\/","name":"Portfolio","description":"Artiste peintre \/ Styliste ","publisher":{"@id":"https:\/\/tongxiongart.com\/#organization"},"potentialAction":[{"@type":"SearchAction","target":{"@type":"EntryPoint","urlTemplate":"https:\/\/tongxiongart.com\/?s={search_term_string}"},"query-input":{"@type":"PropertyValueSpecification","valueRequired":true,"valueName":"search_term_string"}}],"inLanguage":"fr-FR"},{"@type":"Organization","@id":"https:\/\/tongxiongart.com\/#organization","name":"Portfolio","url":"https:\/\/tongxiongart.com\/","logo":{"@type":"ImageObject","inLanguage":"fr-FR","@id":"https:\/\/tongxiongart.com\/#\/schema\/logo\/image\/","url":"https:\/\/tongxiongart.com\/wp-content\/uploads\/2023\/10\/cropped-cropped-cropped-Tong-Xiong-Art.png","contentUrl":"https:\/\/tongxiongart.com\/wp-content\/uploads\/2023\/10\/cropped-cropped-cropped-Tong-Xiong-Art.png","width":374,"height":403,"caption":"Portfolio"},"image":{"@id":"https:\/\/tongxiongart.com\/#\/schema\/logo\/image\/"}}]}},"_links":{"self":[{"href":"https:\/\/tongxiongart.com\/index.php\/wp-json\/wp\/v2\/pages\/371"}],"collection":[{"href":"https:\/\/tongxiongart.com\/index.php\/wp-json\/wp\/v2\/pages"}],"about":[{"href":"https:\/\/tongxiongart.com\/index.php\/wp-json\/wp\/v2\/types\/page"}],"author":[{"embeddable":true,"href":"https:\/\/tongxiongart.com\/index.php\/wp-json\/wp\/v2\/users\/2"}],"replies":[{"embeddable":true,"href":"https:\/\/tongxiongart.com\/index.php\/wp-json\/wp\/v2\/comments?post=371"}],"version-history":[{"count":31,"href":"https:\/\/tongxiongart.com\/index.php\/wp-json\/wp\/v2\/pages\/371\/revisions"}],"predecessor-version":[{"id":2199,"href":"https:\/\/tongxiongart.com\/index.php\/wp-json\/wp\/v2\/pages\/371\/revisions\/2199"}],"wp:attachment":[{"href":"https:\/\/tongxiongart.com\/index.php\/wp-json\/wp\/v2\/media?parent=371"}],"curies":[{"name":"wp","href":"https:\/\/api.w.org\/{rel}","templated":true}]}}