{"id":343,"date":"2017-11-26T11:48:21","date_gmt":"2017-11-26T10:48:21","guid":{"rendered":"https:\/\/tongxiongart.com\/?page_id=343"},"modified":"2025-01-07T16:48:53","modified_gmt":"2025-01-07T15:48:53","slug":"blog","status":"publish","type":"page","link":"https:\/\/tongxiongart.com\/index.php\/blog\/","title":{"rendered":"A propos"},"content":{"rendered":"\t\t<div data-elementor-type=\"wp-post\" data-elementor-id=\"343\" class=\"elementor elementor-343\">\n\t\t\t\t\t\t<section class=\"elementor-section elementor-top-section elementor-element elementor-element-1f2e9d79 elementor-section-boxed elementor-section-height-default elementor-section-height-default\" data-id=\"1f2e9d79\" data-element_type=\"section\" data-e-type=\"section\">\n\t\t\t\t\t\t<div class=\"elementor-container elementor-column-gap-default\">\n\t\t\t\t\t<div class=\"elementor-column elementor-col-100 elementor-top-column elementor-element elementor-element-5d96b60c\" data-id=\"5d96b60c\" data-element_type=\"column\" data-e-type=\"column\">\n\t\t\t<div class=\"elementor-widget-wrap elementor-element-populated\">\n\t\t\t\t\t\t<div class=\"elementor-element elementor-element-6552a63f animated-fast elementor-invisible elementor-widget elementor-widget-text-editor\" data-id=\"6552a63f\" data-element_type=\"widget\" data-e-type=\"widget\" data-settings=\"{&quot;_animation&quot;:&quot;fadeIn&quot;}\" data-widget_type=\"text-editor.default\">\n\t\t\t\t<div class=\"elementor-widget-container\">\n\t\t\t\t\t\t\t\t\t<p style=\"text-align: center\"><span style=\"color: #000000\"><b> TONG XIONG&nbsp; Styliste &#8211; Mod\u00e9liste<\/b><\/span><\/p>\n<p>&nbsp; &nbsp; &nbsp; Cr\u00e9atrice de mode Femme flou, riche de mes ann\u00e9es d&rsquo;exp\u00e9riences dans la conception de v\u00eatements Centrale d&rsquo;Achat, je vous accompagnerai dans le d\u00e9veloppement du style jusqu&rsquo;\u00e0 la r\u00e9alisation de la collection. Je porte une attention particuli\u00e8re&nbsp; &nbsp; &nbsp;aux tendances afin d&rsquo;adapter l&rsquo;offre aux besoin du march\u00e9.<\/p>\n<p><span style=\"letter-spacing: 0px\">&nbsp; &nbsp; &nbsp; En tant que styliste, je m&rsquo;occupe des collections saisonni\u00e8res:&nbsp; &nbsp;<\/span><\/p>\n<ul>\n<li><span style=\"letter-spacing: 0px\">analyse des tendances<\/span><\/li>\n<li><span style=\"letter-spacing: 0px\"> \u00e9laboration du plan de collection: dessins, gamme pantone et mati\u00e8res pour la cr\u00e9ation du nouveau style en \u00e9troite collaboration avec la Marque et ses&nbsp;fournisseurs ( textile et accessoires ) .<\/span><\/li>\n<li>exp\u00e9riment\u00e9e en mod\u00e9lisme, je suis pr\u00e9cise dans la cr\u00e9ation de dossiers techniques en fran\u00e7ais et anglais, pour le suivi et la conception des prototypes dans les ateliers de la Marque.<\/li>\n<\/ul>\n<p><span style=\"letter-spacing: 0px\">&nbsp; &nbsp; &nbsp;Pour plus de renseignements, vous pouvez me contacter afin de parler de vos projets de cr\u00e9ation ou de d\u00e9veloppement de vos futures collections.&nbsp; &nbsp; &nbsp; &nbsp; &nbsp; &nbsp; &nbsp; &nbsp; &nbsp; &nbsp; &nbsp; &nbsp; &nbsp; &nbsp; &nbsp; &nbsp; &nbsp; &nbsp; &nbsp; &nbsp; &nbsp; &nbsp; &nbsp; &nbsp; &nbsp; &nbsp; &nbsp; &nbsp; &nbsp; &nbsp; &nbsp; &nbsp; &nbsp; &nbsp; &nbsp; &nbsp; &nbsp; &nbsp; &nbsp; &nbsp; &nbsp; &nbsp; &nbsp; &nbsp; &nbsp; &nbsp; &nbsp; &nbsp; &nbsp; &nbsp; &nbsp; &nbsp; &nbsp; &nbsp; &nbsp; &nbsp; <\/span><span style=\"letter-spacing: 0px\">&nbsp; &nbsp; &nbsp; &nbsp; &nbsp; &nbsp; &nbsp; &nbsp; &nbsp; &nbsp; &nbsp; &nbsp; &nbsp; &nbsp; &nbsp; &nbsp; &nbsp; &nbsp; &nbsp; &nbsp; &nbsp; &nbsp; &nbsp; &nbsp; &nbsp; &nbsp; &nbsp; &nbsp; &nbsp; &nbsp; &nbsp; &nbsp; &nbsp; &nbsp; &nbsp;&nbsp;<\/span><\/p>\t\t\t\t\t\t\t\t<\/div>\n\t\t\t\t<\/div>\n\t\t\t\t\t<\/div>\n\t\t<\/div>\n\t\t\t\t\t<\/div>\n\t\t<\/section>\n\t\t\t\t<section class=\"elementor-section elementor-top-section elementor-element elementor-element-28e42165 elementor-section-boxed elementor-section-height-default elementor-section-height-default\" data-id=\"28e42165\" data-element_type=\"section\" data-e-type=\"section\">\n\t\t\t\t\t\t<div class=\"elementor-container elementor-column-gap-default\">\n\t\t\t\t\t<div class=\"elementor-column elementor-col-100 elementor-top-column elementor-element elementor-element-8ae1253\" data-id=\"8ae1253\" data-element_type=\"column\" data-e-type=\"column\">\n\t\t\t<div class=\"elementor-widget-wrap\">\n\t\t\t\t\t\t\t<\/div>\n\t\t<\/div>\n\t\t\t\t\t<\/div>\n\t\t<\/section>\n\t\t\t\t<section class=\"elementor-section elementor-top-section elementor-element elementor-element-6b273393 elementor-section-boxed elementor-section-height-default elementor-section-height-default\" data-id=\"6b273393\" data-element_type=\"section\" data-e-type=\"section\">\n\t\t\t\t\t\t<div class=\"elementor-container elementor-column-gap-default\">\n\t\t\t\t\t<div class=\"elementor-column elementor-col-100 elementor-top-column elementor-element elementor-element-77d2e2e3\" data-id=\"77d2e2e3\" data-element_type=\"column\" data-e-type=\"column\">\n\t\t\t<div class=\"elementor-widget-wrap elementor-element-populated\">\n\t\t\t\t\t\t<div class=\"elementor-element elementor-element-539dbdb1 animated-fast elementor-invisible elementor-widget elementor-widget-text-editor\" data-id=\"539dbdb1\" data-element_type=\"widget\" data-e-type=\"widget\" data-settings=\"{&quot;_animation&quot;:&quot;fadeIn&quot;}\" data-widget_type=\"text-editor.default\">\n\t\t\t\t<div class=\"elementor-widget-container\">\n\t\t\t\t\t\t\t\t\t<p style=\"text-align: center\"><span style=\"color: #000000\"><strong>Droits d&rsquo;auteur\u00a0<\/strong><\/span><\/p>\n<p style=\"text-align: center;color: #000000\">Tout le contenu de ce site a \u00e9t\u00e9 d\u00e9pos\u00e9 \u00e0 l&rsquo;INPI pour valoir du Droit d&rsquo;Auteur. Vous \u00eates pri\u00e9s de ne pas utiliser mes cr\u00e9ations picturales et \u00e9crits \u00e0 des fins personnelles ou commerciales sans mon accord.<\/p>\t\t\t\t\t\t\t\t<\/div>\n\t\t\t\t<\/div>\n\t\t\t\t<div class=\"elementor-element elementor-element-ccc8736 elementor-shape-circle elementor-grid-0 e-grid-align-center elementor-widget elementor-widget-social-icons\" data-id=\"ccc8736\" data-element_type=\"widget\" data-e-type=\"widget\" data-widget_type=\"social-icons.default\">\n\t\t\t\t<div class=\"elementor-widget-container\">\n\t\t\t\t\t\t\t<div class=\"elementor-social-icons-wrapper elementor-grid\" role=\"list\">\n\t\t\t\t\t\t\t<span class=\"elementor-grid-item\" role=\"listitem\">\n\t\t\t\t\t<a class=\"elementor-icon elementor-social-icon elementor-social-icon-pinterest elementor-repeater-item-1da749a\" href=\"https:\/\/www.pinterest.fr\/shemyn7570\/boards\/\" target=\"_blank\">\n\t\t\t\t\t\t<span class=\"elementor-screen-only\">Pinterest<\/span>\n\t\t\t\t\t\t<i aria-hidden=\"true\" class=\"fab fa-pinterest\"><\/i>\t\t\t\t\t<\/a>\n\t\t\t\t<\/span>\n\t\t\t\t\t\t\t<span class=\"elementor-grid-item\" role=\"listitem\">\n\t\t\t\t\t<a class=\"elementor-icon elementor-social-icon elementor-social-icon-facebook-f elementor-repeater-item-5359eff\" href=\"https:\/\/www.facebook.com\/Tongxiongart\/\" target=\"_blank\">\n\t\t\t\t\t\t<span class=\"elementor-screen-only\">Facebook-f<\/span>\n\t\t\t\t\t\t<i aria-hidden=\"true\" class=\"fab fa-facebook-f\"><\/i>\t\t\t\t\t<\/a>\n\t\t\t\t<\/span>\n\t\t\t\t\t\t\t<span class=\"elementor-grid-item\" role=\"listitem\">\n\t\t\t\t\t<a class=\"elementor-icon elementor-social-icon elementor-social-icon-youtube elementor-repeater-item-0d67162\" href=\"https:\/\/www.youtube.com\/channel\/UClySO-FXx9aoyS1OkwWhqjw?view_as=subscriber\" target=\"_blank\">\n\t\t\t\t\t\t<span class=\"elementor-screen-only\">Youtube<\/span>\n\t\t\t\t\t\t<i aria-hidden=\"true\" class=\"fab fa-youtube\"><\/i>\t\t\t\t\t<\/a>\n\t\t\t\t<\/span>\n\t\t\t\t\t<\/div>\n\t\t\t\t\t\t<\/div>\n\t\t\t\t<\/div>\n\t\t\t\t\t<\/div>\n\t\t<\/div>\n\t\t\t\t\t<\/div>\n\t\t<\/section>\n\t\t\t\t<\/div>\n\t\t","protected":false},"excerpt":{"rendered":"<p>TONG XIONG&nbsp; Styliste &#8211; Mod\u00e9liste &nbsp; &nbsp; &nbsp; Cr\u00e9atrice de mode Femme flou, riche de mes ann\u00e9es d&rsquo;exp\u00e9riences dans la conception de v\u00eatements Centrale d&rsquo;Achat, je vous accompagnerai dans le d\u00e9veloppement du style jusqu&rsquo;\u00e0 la<span class=\"more-button\"><a href=\"https:\/\/tongxiongart.com\/index.php\/blog\/\" class=\"more-link\">Lire la suite<span class=\"screen-reader-text\">A propos<\/span><i class=\"fa fa-angle-right\" aria-hidden=\"true\"><\/i><\/a><\/span><\/p>\n","protected":false},"author":2,"featured_media":0,"parent":0,"menu_order":0,"comment_status":"closed","ping_status":"closed","template":"","meta":{"footnotes":""},"class_list":["post-343","page","type-page","status-publish","hentry"],"yoast_head":"<!-- This site is optimized with the Yoast SEO plugin v25.3.1 - https:\/\/yoast.com\/wordpress\/plugins\/seo\/ -->\n<title>A propos - Portfolio<\/title>\n<meta name=\"robots\" content=\"index, follow, max-snippet:-1, max-image-preview:large, max-video-preview:-1\" \/>\n<link rel=\"canonical\" href=\"https:\/\/tongxiongart.com\/index.php\/blog\/\" \/>\n<meta property=\"og:locale\" content=\"fr_FR\" \/>\n<meta property=\"og:type\" content=\"article\" \/>\n<meta property=\"og:title\" content=\"A propos - Portfolio\" \/>\n<meta property=\"og:description\" content=\"TONG XIONG&nbsp; Styliste &#8211; Mod\u00e9liste &nbsp; &nbsp; &nbsp; Cr\u00e9atrice de mode Femme flou, riche de mes ann\u00e9es d&rsquo;exp\u00e9riences dans la conception de v\u00eatements Centrale d&rsquo;Achat, je vous accompagnerai dans le d\u00e9veloppement du style jusqu&rsquo;\u00e0 laLire la suiteA propos\" \/>\n<meta property=\"og:url\" content=\"https:\/\/tongxiongart.com\/index.php\/blog\/\" \/>\n<meta property=\"og:site_name\" content=\"Portfolio\" \/>\n<meta property=\"article:modified_time\" content=\"2025-01-07T15:48:53+00:00\" \/>\n<meta name=\"twitter:card\" content=\"summary_large_image\" \/>\n<meta name=\"twitter:label1\" content=\"Dur\u00e9e de lecture estim\u00e9e\" \/>\n\t<meta name=\"twitter:data1\" content=\"1 minute\" \/>\n<script type=\"application\/ld+json\" class=\"yoast-schema-graph\">{\"@context\":\"https:\/\/schema.org\",\"@graph\":[{\"@type\":\"WebPage\",\"@id\":\"https:\/\/tongxiongart.com\/index.php\/blog\/\",\"url\":\"https:\/\/tongxiongart.com\/index.php\/blog\/\",\"name\":\"A propos - Portfolio\",\"isPartOf\":{\"@id\":\"https:\/\/tongxiongart.com\/#website\"},\"datePublished\":\"2017-11-26T10:48:21+00:00\",\"dateModified\":\"2025-01-07T15:48:53+00:00\",\"breadcrumb\":{\"@id\":\"https:\/\/tongxiongart.com\/index.php\/blog\/#breadcrumb\"},\"inLanguage\":\"fr-FR\",\"potentialAction\":[{\"@type\":\"ReadAction\",\"target\":[\"https:\/\/tongxiongart.com\/index.php\/blog\/\"]}]},{\"@type\":\"BreadcrumbList\",\"@id\":\"https:\/\/tongxiongart.com\/index.php\/blog\/#breadcrumb\",\"itemListElement\":[{\"@type\":\"ListItem\",\"position\":1,\"name\":\"Accueil\",\"item\":\"https:\/\/tongxiongart.com\/\"},{\"@type\":\"ListItem\",\"position\":2,\"name\":\"A propos\"}]},{\"@type\":\"WebSite\",\"@id\":\"https:\/\/tongxiongart.com\/#website\",\"url\":\"https:\/\/tongxiongart.com\/\",\"name\":\"Portfolio\",\"description\":\"Artiste peintre \/ Styliste \",\"publisher\":{\"@id\":\"https:\/\/tongxiongart.com\/#organization\"},\"potentialAction\":[{\"@type\":\"SearchAction\",\"target\":{\"@type\":\"EntryPoint\",\"urlTemplate\":\"https:\/\/tongxiongart.com\/?s={search_term_string}\"},\"query-input\":{\"@type\":\"PropertyValueSpecification\",\"valueRequired\":true,\"valueName\":\"search_term_string\"}}],\"inLanguage\":\"fr-FR\"},{\"@type\":\"Organization\",\"@id\":\"https:\/\/tongxiongart.com\/#organization\",\"name\":\"Portfolio\",\"url\":\"https:\/\/tongxiongart.com\/\",\"logo\":{\"@type\":\"ImageObject\",\"inLanguage\":\"fr-FR\",\"@id\":\"https:\/\/tongxiongart.com\/#\/schema\/logo\/image\/\",\"url\":\"https:\/\/tongxiongart.com\/wp-content\/uploads\/2023\/10\/cropped-cropped-cropped-Tong-Xiong-Art.png\",\"contentUrl\":\"https:\/\/tongxiongart.com\/wp-content\/uploads\/2023\/10\/cropped-cropped-cropped-Tong-Xiong-Art.png\",\"width\":374,\"height\":403,\"caption\":\"Portfolio\"},\"image\":{\"@id\":\"https:\/\/tongxiongart.com\/#\/schema\/logo\/image\/\"}}]}<\/script>\n<!-- \/ Yoast SEO plugin. -->","yoast_head_json":{"title":"A propos - Portfolio","robots":{"index":"index","follow":"follow","max-snippet":"max-snippet:-1","max-image-preview":"max-image-preview:large","max-video-preview":"max-video-preview:-1"},"canonical":"https:\/\/tongxiongart.com\/index.php\/blog\/","og_locale":"fr_FR","og_type":"article","og_title":"A propos - Portfolio","og_description":"TONG XIONG&nbsp; Styliste &#8211; Mod\u00e9liste &nbsp; &nbsp; &nbsp; Cr\u00e9atrice de mode Femme flou, riche de mes ann\u00e9es d&rsquo;exp\u00e9riences dans la conception de v\u00eatements Centrale d&rsquo;Achat, je vous accompagnerai dans le d\u00e9veloppement du style jusqu&rsquo;\u00e0 laLire la suiteA propos","og_url":"https:\/\/tongxiongart.com\/index.php\/blog\/","og_site_name":"Portfolio","article_modified_time":"2025-01-07T15:48:53+00:00","twitter_card":"summary_large_image","twitter_misc":{"Dur\u00e9e de lecture estim\u00e9e":"1 minute"},"schema":{"@context":"https:\/\/schema.org","@graph":[{"@type":"WebPage","@id":"https:\/\/tongxiongart.com\/index.php\/blog\/","url":"https:\/\/tongxiongart.com\/index.php\/blog\/","name":"A propos - Portfolio","isPartOf":{"@id":"https:\/\/tongxiongart.com\/#website"},"datePublished":"2017-11-26T10:48:21+00:00","dateModified":"2025-01-07T15:48:53+00:00","breadcrumb":{"@id":"https:\/\/tongxiongart.com\/index.php\/blog\/#breadcrumb"},"inLanguage":"fr-FR","potentialAction":[{"@type":"ReadAction","target":["https:\/\/tongxiongart.com\/index.php\/blog\/"]}]},{"@type":"BreadcrumbList","@id":"https:\/\/tongxiongart.com\/index.php\/blog\/#breadcrumb","itemListElement":[{"@type":"ListItem","position":1,"name":"Accueil","item":"https:\/\/tongxiongart.com\/"},{"@type":"ListItem","position":2,"name":"A propos"}]},{"@type":"WebSite","@id":"https:\/\/tongxiongart.com\/#website","url":"https:\/\/tongxiongart.com\/","name":"Portfolio","description":"Artiste peintre \/ Styliste ","publisher":{"@id":"https:\/\/tongxiongart.com\/#organization"},"potentialAction":[{"@type":"SearchAction","target":{"@type":"EntryPoint","urlTemplate":"https:\/\/tongxiongart.com\/?s={search_term_string}"},"query-input":{"@type":"PropertyValueSpecification","valueRequired":true,"valueName":"search_term_string"}}],"inLanguage":"fr-FR"},{"@type":"Organization","@id":"https:\/\/tongxiongart.com\/#organization","name":"Portfolio","url":"https:\/\/tongxiongart.com\/","logo":{"@type":"ImageObject","inLanguage":"fr-FR","@id":"https:\/\/tongxiongart.com\/#\/schema\/logo\/image\/","url":"https:\/\/tongxiongart.com\/wp-content\/uploads\/2023\/10\/cropped-cropped-cropped-Tong-Xiong-Art.png","contentUrl":"https:\/\/tongxiongart.com\/wp-content\/uploads\/2023\/10\/cropped-cropped-cropped-Tong-Xiong-Art.png","width":374,"height":403,"caption":"Portfolio"},"image":{"@id":"https:\/\/tongxiongart.com\/#\/schema\/logo\/image\/"}}]}},"_links":{"self":[{"href":"https:\/\/tongxiongart.com\/index.php\/wp-json\/wp\/v2\/pages\/343"}],"collection":[{"href":"https:\/\/tongxiongart.com\/index.php\/wp-json\/wp\/v2\/pages"}],"about":[{"href":"https:\/\/tongxiongart.com\/index.php\/wp-json\/wp\/v2\/types\/page"}],"author":[{"embeddable":true,"href":"https:\/\/tongxiongart.com\/index.php\/wp-json\/wp\/v2\/users\/2"}],"replies":[{"embeddable":true,"href":"https:\/\/tongxiongart.com\/index.php\/wp-json\/wp\/v2\/comments?post=343"}],"version-history":[{"count":94,"href":"https:\/\/tongxiongart.com\/index.php\/wp-json\/wp\/v2\/pages\/343\/revisions"}],"predecessor-version":[{"id":1956,"href":"https:\/\/tongxiongart.com\/index.php\/wp-json\/wp\/v2\/pages\/343\/revisions\/1956"}],"wp:attachment":[{"href":"https:\/\/tongxiongart.com\/index.php\/wp-json\/wp\/v2\/media?parent=343"}],"curies":[{"name":"wp","href":"https:\/\/api.w.org\/{rel}","templated":true}]}}