{"id":1553,"date":"2023-09-30T18:26:47","date_gmt":"2023-09-30T16:26:47","guid":{"rendered":"https:\/\/tongxiongart.com\/?page_id=1553"},"modified":"2024-06-15T22:52:31","modified_gmt":"2024-06-15T20:52:31","slug":"acceuil","status":"publish","type":"page","link":"https:\/\/tongxiongart.com\/","title":{"rendered":"Portfolio"},"content":{"rendered":"\t\t<div data-elementor-type=\"wp-page\" data-elementor-id=\"1553\" class=\"elementor elementor-1553\">\n\t\t\t\t\t\t<section class=\"elementor-section elementor-top-section elementor-element elementor-element-0e97cf3 elementor-section-boxed elementor-section-height-default elementor-section-height-default\" data-id=\"0e97cf3\" data-element_type=\"section\" data-e-type=\"section\">\n\t\t\t\t\t\t<div class=\"elementor-container elementor-column-gap-default\">\n\t\t\t\t\t<div class=\"elementor-column elementor-col-100 elementor-top-column elementor-element elementor-element-4a74523\" data-id=\"4a74523\" data-element_type=\"column\" data-e-type=\"column\">\n\t\t\t<div class=\"elementor-widget-wrap\">\n\t\t\t\t\t\t\t<\/div>\n\t\t<\/div>\n\t\t\t\t\t<\/div>\n\t\t<\/section>\n\t\t\t\t<section class=\"elementor-section elementor-top-section elementor-element elementor-element-ebb260b elementor-section-boxed elementor-section-height-default elementor-section-height-default\" data-id=\"ebb260b\" data-element_type=\"section\" data-e-type=\"section\">\n\t\t\t\t\t\t<div class=\"elementor-container elementor-column-gap-default\">\n\t\t\t\t\t<div class=\"elementor-column elementor-col-33 elementor-top-column elementor-element elementor-element-df5b159\" data-id=\"df5b159\" data-element_type=\"column\" data-e-type=\"column\">\n\t\t\t<div class=\"elementor-widget-wrap\">\n\t\t\t\t\t\t\t<\/div>\n\t\t<\/div>\n\t\t\t\t<div class=\"elementor-column elementor-col-33 elementor-top-column elementor-element elementor-element-c497648\" data-id=\"c497648\" data-element_type=\"column\" data-e-type=\"column\">\n\t\t\t<div class=\"elementor-widget-wrap\">\n\t\t\t\t\t\t\t<\/div>\n\t\t<\/div>\n\t\t\t\t<div class=\"elementor-column elementor-col-33 elementor-top-column elementor-element elementor-element-50f6a0f\" data-id=\"50f6a0f\" data-element_type=\"column\" data-e-type=\"column\">\n\t\t\t<div class=\"elementor-widget-wrap\">\n\t\t\t\t\t\t\t<\/div>\n\t\t<\/div>\n\t\t\t\t\t<\/div>\n\t\t<\/section>\n\t\t\t\t<\/div>\n\t\t","protected":false},"excerpt":{"rendered":"<p>Tong Xiong Art<\/p>\n","protected":false},"author":2,"featured_media":0,"parent":0,"menu_order":0,"comment_status":"closed","ping_status":"closed","template":"","meta":{"footnotes":""},"class_list":["post-1553","page","type-page","status-publish","hentry"],"yoast_head":"<!-- This site is optimized with the Yoast SEO plugin v25.3.1 - https:\/\/yoast.com\/wordpress\/plugins\/seo\/ -->\n<title>Portfolio - Portfolio<\/title>\n<meta name=\"description\" content=\"Plongez dans le monde de Tong Xiong, une peintre passionn\u00e9e qui capture l&#039;essence de la beaut\u00e9 num\u00e9rique. Mon portfolio pr\u00e9sente une s\u00e9lection de mes \u0153uvres, sp\u00e9cifique sur des portraits de diff\u00e9rents styles.\" \/>\n<meta name=\"robots\" content=\"index, follow, max-snippet:-1, max-image-preview:large, max-video-preview:-1\" \/>\n<link rel=\"canonical\" href=\"https:\/\/tongxiongart.com\/\" \/>\n<meta property=\"og:locale\" content=\"fr_FR\" \/>\n<meta property=\"og:type\" content=\"article\" \/>\n<meta property=\"og:title\" content=\"Portfolio - Portfolio\" \/>\n<meta property=\"og:description\" content=\"Plongez dans le monde de Tong Xiong, une peintre passionn\u00e9e qui capture l&#039;essence de la beaut\u00e9 num\u00e9rique. Mon portfolio pr\u00e9sente une s\u00e9lection de mes \u0153uvres, sp\u00e9cifique sur des portraits de diff\u00e9rents styles.\" \/>\n<meta property=\"og:url\" content=\"https:\/\/tongxiongart.com\/\" \/>\n<meta property=\"og:site_name\" content=\"Portfolio\" \/>\n<meta property=\"article:modified_time\" content=\"2024-06-15T20:52:31+00:00\" \/>\n<meta property=\"og:image\" content=\"https:\/\/tongxiongart.com\/wp-content\/uploads\/2023\/09\/cropped-cropped-cropped-Grand-logoTX-1-edited.png\" \/>\n<meta name=\"twitter:card\" content=\"summary_large_image\" \/>\n<meta name=\"twitter:label1\" content=\"Dur\u00e9e de lecture estim\u00e9e\" \/>\n\t<meta name=\"twitter:data1\" content=\"3 minutes\" \/>\n<script type=\"application\/ld+json\" class=\"yoast-schema-graph\">{\"@context\":\"https:\/\/schema.org\",\"@graph\":[{\"@type\":\"WebPage\",\"@id\":\"https:\/\/tongxiongart.com\/\",\"url\":\"https:\/\/tongxiongart.com\/\",\"name\":\"Portfolio - Portfolio\",\"isPartOf\":{\"@id\":\"https:\/\/tongxiongart.com\/#website\"},\"primaryImageOfPage\":{\"@id\":\"https:\/\/tongxiongart.com\/#primaryimage\"},\"image\":{\"@id\":\"https:\/\/tongxiongart.com\/#primaryimage\"},\"thumbnailUrl\":\"https:\/\/tongxiongart.com\/wp-content\/uploads\/2023\/09\/cropped-cropped-cropped-Grand-logoTX-1-edited.png\",\"datePublished\":\"2023-09-30T16:26:47+00:00\",\"dateModified\":\"2024-06-15T20:52:31+00:00\",\"description\":\"Plongez dans le monde de Tong Xiong, une peintre passionn\u00e9e qui capture l'essence de la beaut\u00e9 num\u00e9rique. Mon portfolio pr\u00e9sente une s\u00e9lection de mes \u0153uvres, sp\u00e9cifique sur des portraits de diff\u00e9rents styles.\",\"breadcrumb\":{\"@id\":\"https:\/\/tongxiongart.com\/#breadcrumb\"},\"inLanguage\":\"fr-FR\",\"potentialAction\":[{\"@type\":\"ReadAction\",\"target\":[\"https:\/\/tongxiongart.com\/\"]}]},{\"@type\":\"ImageObject\",\"inLanguage\":\"fr-FR\",\"@id\":\"https:\/\/tongxiongart.com\/#primaryimage\",\"url\":\"https:\/\/tongxiongart.com\/wp-content\/uploads\/2023\/09\/cropped-cropped-cropped-Grand-logoTX-1-edited.png\",\"contentUrl\":\"https:\/\/tongxiongart.com\/wp-content\/uploads\/2023\/09\/cropped-cropped-cropped-Grand-logoTX-1-edited.png\",\"width\":371,\"height\":371},{\"@type\":\"BreadcrumbList\",\"@id\":\"https:\/\/tongxiongart.com\/#breadcrumb\",\"itemListElement\":[{\"@type\":\"ListItem\",\"position\":1,\"name\":\"Accueil\",\"item\":\"https:\/\/tongxiongart.com\/\"},{\"@type\":\"ListItem\",\"position\":2,\"name\":\"Portfolio\"}]},{\"@type\":\"WebSite\",\"@id\":\"https:\/\/tongxiongart.com\/#website\",\"url\":\"https:\/\/tongxiongart.com\/\",\"name\":\"Portfolio\",\"description\":\"Artiste peintre \/ Styliste \",\"publisher\":{\"@id\":\"https:\/\/tongxiongart.com\/#organization\"},\"potentialAction\":[{\"@type\":\"SearchAction\",\"target\":{\"@type\":\"EntryPoint\",\"urlTemplate\":\"https:\/\/tongxiongart.com\/?s={search_term_string}\"},\"query-input\":{\"@type\":\"PropertyValueSpecification\",\"valueRequired\":true,\"valueName\":\"search_term_string\"}}],\"inLanguage\":\"fr-FR\"},{\"@type\":\"Organization\",\"@id\":\"https:\/\/tongxiongart.com\/#organization\",\"name\":\"Portfolio\",\"url\":\"https:\/\/tongxiongart.com\/\",\"logo\":{\"@type\":\"ImageObject\",\"inLanguage\":\"fr-FR\",\"@id\":\"https:\/\/tongxiongart.com\/#\/schema\/logo\/image\/\",\"url\":\"https:\/\/tongxiongart.com\/wp-content\/uploads\/2023\/10\/cropped-cropped-cropped-Tong-Xiong-Art.png\",\"contentUrl\":\"https:\/\/tongxiongart.com\/wp-content\/uploads\/2023\/10\/cropped-cropped-cropped-Tong-Xiong-Art.png\",\"width\":374,\"height\":403,\"caption\":\"Portfolio\"},\"image\":{\"@id\":\"https:\/\/tongxiongart.com\/#\/schema\/logo\/image\/\"}}]}<\/script>\n<!-- \/ Yoast SEO plugin. -->","yoast_head_json":{"title":"Portfolio - Portfolio","description":"Plongez dans le monde de Tong Xiong, une peintre passionn\u00e9e qui capture l'essence de la beaut\u00e9 num\u00e9rique. Mon portfolio pr\u00e9sente une s\u00e9lection de mes \u0153uvres, sp\u00e9cifique sur des portraits de diff\u00e9rents styles.","robots":{"index":"index","follow":"follow","max-snippet":"max-snippet:-1","max-image-preview":"max-image-preview:large","max-video-preview":"max-video-preview:-1"},"canonical":"https:\/\/tongxiongart.com\/","og_locale":"fr_FR","og_type":"article","og_title":"Portfolio - Portfolio","og_description":"Plongez dans le monde de Tong Xiong, une peintre passionn\u00e9e qui capture l'essence de la beaut\u00e9 num\u00e9rique. Mon portfolio pr\u00e9sente une s\u00e9lection de mes \u0153uvres, sp\u00e9cifique sur des portraits de diff\u00e9rents styles.","og_url":"https:\/\/tongxiongart.com\/","og_site_name":"Portfolio","article_modified_time":"2024-06-15T20:52:31+00:00","og_image":[{"url":"https:\/\/tongxiongart.com\/wp-content\/uploads\/2023\/09\/cropped-cropped-cropped-Grand-logoTX-1-edited.png","type":"","width":"","height":""}],"twitter_card":"summary_large_image","twitter_misc":{"Dur\u00e9e de lecture estim\u00e9e":"3 minutes"},"schema":{"@context":"https:\/\/schema.org","@graph":[{"@type":"WebPage","@id":"https:\/\/tongxiongart.com\/","url":"https:\/\/tongxiongart.com\/","name":"Portfolio - Portfolio","isPartOf":{"@id":"https:\/\/tongxiongart.com\/#website"},"primaryImageOfPage":{"@id":"https:\/\/tongxiongart.com\/#primaryimage"},"image":{"@id":"https:\/\/tongxiongart.com\/#primaryimage"},"thumbnailUrl":"https:\/\/tongxiongart.com\/wp-content\/uploads\/2023\/09\/cropped-cropped-cropped-Grand-logoTX-1-edited.png","datePublished":"2023-09-30T16:26:47+00:00","dateModified":"2024-06-15T20:52:31+00:00","description":"Plongez dans le monde de Tong Xiong, une peintre passionn\u00e9e qui capture l'essence de la beaut\u00e9 num\u00e9rique. Mon portfolio pr\u00e9sente une s\u00e9lection de mes \u0153uvres, sp\u00e9cifique sur des portraits de diff\u00e9rents styles.","breadcrumb":{"@id":"https:\/\/tongxiongart.com\/#breadcrumb"},"inLanguage":"fr-FR","potentialAction":[{"@type":"ReadAction","target":["https:\/\/tongxiongart.com\/"]}]},{"@type":"ImageObject","inLanguage":"fr-FR","@id":"https:\/\/tongxiongart.com\/#primaryimage","url":"https:\/\/tongxiongart.com\/wp-content\/uploads\/2023\/09\/cropped-cropped-cropped-Grand-logoTX-1-edited.png","contentUrl":"https:\/\/tongxiongart.com\/wp-content\/uploads\/2023\/09\/cropped-cropped-cropped-Grand-logoTX-1-edited.png","width":371,"height":371},{"@type":"BreadcrumbList","@id":"https:\/\/tongxiongart.com\/#breadcrumb","itemListElement":[{"@type":"ListItem","position":1,"name":"Accueil","item":"https:\/\/tongxiongart.com\/"},{"@type":"ListItem","position":2,"name":"Portfolio"}]},{"@type":"WebSite","@id":"https:\/\/tongxiongart.com\/#website","url":"https:\/\/tongxiongart.com\/","name":"Portfolio","description":"Artiste peintre \/ Styliste ","publisher":{"@id":"https:\/\/tongxiongart.com\/#organization"},"potentialAction":[{"@type":"SearchAction","target":{"@type":"EntryPoint","urlTemplate":"https:\/\/tongxiongart.com\/?s={search_term_string}"},"query-input":{"@type":"PropertyValueSpecification","valueRequired":true,"valueName":"search_term_string"}}],"inLanguage":"fr-FR"},{"@type":"Organization","@id":"https:\/\/tongxiongart.com\/#organization","name":"Portfolio","url":"https:\/\/tongxiongart.com\/","logo":{"@type":"ImageObject","inLanguage":"fr-FR","@id":"https:\/\/tongxiongart.com\/#\/schema\/logo\/image\/","url":"https:\/\/tongxiongart.com\/wp-content\/uploads\/2023\/10\/cropped-cropped-cropped-Tong-Xiong-Art.png","contentUrl":"https:\/\/tongxiongart.com\/wp-content\/uploads\/2023\/10\/cropped-cropped-cropped-Tong-Xiong-Art.png","width":374,"height":403,"caption":"Portfolio"},"image":{"@id":"https:\/\/tongxiongart.com\/#\/schema\/logo\/image\/"}}]}},"_links":{"self":[{"href":"https:\/\/tongxiongart.com\/index.php\/wp-json\/wp\/v2\/pages\/1553"}],"collection":[{"href":"https:\/\/tongxiongart.com\/index.php\/wp-json\/wp\/v2\/pages"}],"about":[{"href":"https:\/\/tongxiongart.com\/index.php\/wp-json\/wp\/v2\/types\/page"}],"author":[{"embeddable":true,"href":"https:\/\/tongxiongart.com\/index.php\/wp-json\/wp\/v2\/users\/2"}],"replies":[{"embeddable":true,"href":"https:\/\/tongxiongart.com\/index.php\/wp-json\/wp\/v2\/comments?post=1553"}],"version-history":[{"count":10,"href":"https:\/\/tongxiongart.com\/index.php\/wp-json\/wp\/v2\/pages\/1553\/revisions"}],"predecessor-version":[{"id":1884,"href":"https:\/\/tongxiongart.com\/index.php\/wp-json\/wp\/v2\/pages\/1553\/revisions\/1884"}],"wp:attachment":[{"href":"https:\/\/tongxiongart.com\/index.php\/wp-json\/wp\/v2\/media?parent=1553"}],"curies":[{"name":"wp","href":"https:\/\/api.w.org\/{rel}","templated":true}]}}